{"id":32039,"date":"2026-02-13T11:27:48","date_gmt":"2026-02-13T10:27:48","guid":{"rendered":"https:\/\/konwit.pl\/kozieglowy\/produkt\/opona-315-70r22-5-continental-ecoregional-hd3-15mm-2023r-naped-idt192\/"},"modified":"2026-03-09T09:20:36","modified_gmt":"2026-03-09T08:20:36","slug":"opona-315-70r22-5-continental-ecoregional-hd3-15mm-2023r-naped-idt192","status":"publish","type":"product","link":"https:\/\/konwit.pl\/kozieglowy\/produkt\/opona-315-70r22-5-continental-ecoregional-hd3-15mm-2023r-naped-idt192\/","title":{"rendered":"Opona 315\/70R22.5 Continental ECOREGIONAL HD3+ 15mm 2023r NAP\u0118D (idT192)"},"content":{"rendered":"<p>Opona U\u017cywana Ci\u0119\u017carowa<\/p>\n<p>\u27a1\ufe0f Marka: Continental<\/p>\n<p>\u27a1\ufe0f Model: ECOREGIONAL HD3+, NAP\u0118D<\/p>\n<p>\u27a1\ufe0f Rozmiar: 315\/70R22.5<\/p>\n<p>Szczeg\u00f3\u0142owe Dane Techniczne:<\/p>\n<p>Wysoko\u015b\u0107 bie\u017cnika: 15 mm<\/p>\n<p>Data produkcji (DOT): 0923 (9. tydzie\u0144 2023 roku)<\/p>\n<p>Stan opony: Opona posiada wtopienia BEZ WK\u0141AD\u00d3W NAPRAWCZYCH (tylko kosmetyczna naprawa &#8211; miejscowe uzupe\u0142nienie gumy).<\/p>\n<p>\u2705 Opona zosta\u0142a przez nas sprawdzona ci\u015bnieniowo.<\/p>\n<p>\u2705 Realne Zdj\u0119cia: Fotografie w ofercie przedstawiaj\u0105 dok\u0142adnie t\u0119 opon\u0119, kt\u00f3r\u0105 kupujesz.<\/p>\n<p>Cena: Podana cena jest cen\u0105 brutto i dotyczy jednej sztuki.<\/p>\n<p>Link do bazy EPREL (etykieta opony i dost\u0119p do karty informacyjnej): https:\/\/eprel.ec.europa.eu\/screen\/product\/tyres\/659084<\/p>\n<p>Numer Identyfikacyjny Produktu: T192<\/p>\n","protected":false},"excerpt":{"rendered":"<p>Opona U\u017cywana Ci\u0119\u017carowa \u27a1\ufe0f Marka: Continental \u27a1\ufe0f Model: ECOREGIONAL HD3+, NAP\u0118D \u27a1\ufe0f Rozmiar: 315\/70R22.5 Szczeg\u00f3\u0142owe Dane Techniczne: Wysoko\u015b\u0107 bie\u017cnika: 15 mm Data produkcji (DOT): 0923 (9. tydzie\u0144 2023 roku) Stan opony: Opona posiada wtopienia BEZ WK\u0141AD\u00d3W NAPRAWCZYCH (tylko kosmetyczna naprawa &#8211; miejscowe uzupe\u0142nienie gumy). \u2705 Opona zosta\u0142a przez nas sprawdzona ci\u015bnieniowo. \u2705 Realne Zdj\u0119cia: Fotografie [&hellip;]<\/p>\n","protected":false},"featured_media":32037,"template":"","meta":{"_acf_changed":false,"_themeisle_gutenberg_block_has_review":false},"product_brand":[],"product_cat":[26],"product_tag":[],"class_list":{"0":"post-32039","1":"product","2":"type-product","3":"status-publish","4":"has-post-thumbnail","6":"product_cat-ciezarowe","7":"pa_ean-3101","8":"pa_liczba-opon-w-ofercie-1-szt","9":"pa_marka-continental","10":"pa_model-conti-ecoregional-hd3-2","11":"pa_os-os-napedowa-d","12":"pa_profil-opony-44","13":"pa_sezon-caloroczne","14":"pa_srednica-22-5","15":"pa_stan-uzywany","16":"pa_szerokosc-opony-315-mm","18":"first","19":"instock","20":"taxable","21":"shipping-taxable","22":"purchasable","23":"product-type-simple"},"acf":[],"_links":{"self":[{"href":"https:\/\/konwit.pl\/kozieglowy\/wp-json\/wp\/v2\/product\/32039","targetHints":{"allow":["GET"]}}],"collection":[{"href":"https:\/\/konwit.pl\/kozieglowy\/wp-json\/wp\/v2\/product"}],"about":[{"href":"https:\/\/konwit.pl\/kozieglowy\/wp-json\/wp\/v2\/types\/product"}],"wp:featuredmedia":[{"embeddable":true,"href":"https:\/\/konwit.pl\/kozieglowy\/wp-json\/wp\/v2\/media\/32037"}],"wp:attachment":[{"href":"https:\/\/konwit.pl\/kozieglowy\/wp-json\/wp\/v2\/media?parent=32039"}],"wp:term":[{"taxonomy":"product_brand","embeddable":true,"href":"https:\/\/konwit.pl\/kozieglowy\/wp-json\/wp\/v2\/product_brand?post=32039"},{"taxonomy":"product_cat","embeddable":true,"href":"https:\/\/konwit.pl\/kozieglowy\/wp-json\/wp\/v2\/product_cat?post=32039"},{"taxonomy":"product_tag","embeddable":true,"href":"https:\/\/konwit.pl\/kozieglowy\/wp-json\/wp\/v2\/product_tag?post=32039"}],"curies":[{"name":"wp","href":"https:\/\/api.w.org\/{rel}","templated":true}]}}