{"id":32261,"date":"2026-02-13T11:41:02","date_gmt":"2026-02-13T10:41:02","guid":{"rendered":"https:\/\/konwit.pl\/kozieglowy\/produkt\/opona-ciezarowa-235-75r17-5-fulda-ecotonn-naczepa-idt032\/"},"modified":"2026-02-13T11:47:08","modified_gmt":"2026-02-13T10:47:08","slug":"opona-ciezarowa-235-75r17-5-fulda-ecotonn-naczepa-idt032","status":"publish","type":"product","link":"https:\/\/konwit.pl\/kozieglowy\/produkt\/opona-ciezarowa-235-75r17-5-fulda-ecotonn-naczepa-idt032\/","title":{"rendered":"Opona Ci\u0119\u017carowa 235\/75R17.5 FULDA ECOTONN NACZEPA (idT032)"},"content":{"rendered":"<p>Opona U\u017cywana Ci\u0119\u017carowa<\/p>\n<p>\u27a1\ufe0f Marka: FULDA<\/p>\n<p>\u27a1\ufe0f Model: ECOTONN, NACZEPA<\/p>\n<p>\u27a1\ufe0f Rozmiar: 235\/75R17.5<\/p>\n<p>Szczeg\u00f3\u0142owe Dane Techniczne:<\/p>\n<p>Wysoko\u015b\u0107 bie\u017cnika: 12 mm&nbsp;\ufe0f<\/p>\n<p>Data produkcji (DOT): 4623 (46. tydzie\u0144 2023 roku)<\/p>\n<p>Stan opony: Opona posiada profesjonalnie wykonan\u0105 napraw\u0119 w naszym serwisie wulkanizacyjnym: posiada wtopienia bez wk\u0142ad\u00f3w naprawczych (tylko kosmetyczna naprawa \u2013 uzupe\u0142nienie gumy).<\/p>\n<p>\u2705 Opona zosta\u0142a przez nas sprawdzona ci\u015bnieniowo.<\/p>\n<p>\u2705 Realne Zdj\u0119cia: Fotografie w ofercie przedstawiaj\u0105 dok\u0142adnie t\u0119 opon\u0119, kt\u00f3r\u0105 kupujesz.<\/p>\n<p>Cena: Podana cena jest cen\u0105 brutto i dotyczy jednej sztuki.<\/p>\n<p>Link do bazy EPREL (etykieta opony i dost\u0119p do karty informacyjnej): https:\/\/eprel.ec.europa.eu\/screen\/product\/tyres\/531150<\/p>\n<p>Numer Identyfikacyjny Produktu: idT032<\/p>\n","protected":false},"excerpt":{"rendered":"<p>Opona U\u017cywana Ci\u0119\u017carowa \u27a1\ufe0f Marka: FULDA \u27a1\ufe0f Model: ECOTONN, NACZEPA \u27a1\ufe0f Rozmiar: 235\/75R17.5 Szczeg\u00f3\u0142owe Dane Techniczne: Wysoko\u015b\u0107 bie\u017cnika: 12 mm&nbsp;\ufe0f Data produkcji (DOT): 4623 (46. tydzie\u0144 2023 roku) Stan opony: Opona posiada profesjonalnie wykonan\u0105 napraw\u0119 w naszym serwisie wulkanizacyjnym: posiada wtopienia bez wk\u0142ad\u00f3w naprawczych (tylko kosmetyczna naprawa \u2013 uzupe\u0142nienie gumy). \u2705 Opona zosta\u0142a przez nas [&hellip;]<\/p>\n","protected":false},"featured_media":32259,"template":"","meta":{"_acf_changed":false,"_themeisle_gutenberg_block_has_review":false},"product_brand":[],"product_cat":[26],"product_tag":[],"class_list":{"0":"post-32261","1":"product","2":"type-product","3":"status-publish","4":"has-post-thumbnail","6":"product_cat-ciezarowe","7":"product_shipping_class-male-opony","8":"pa_ean-2678","9":"pa_liczba-opon-w-ofercie-1-szt","10":"pa_marka-fulda","11":"pa_model-ecotonn","12":"pa_os-os-naczepowa-t","13":"pa_profil-opony-91","14":"pa_sezon-caloroczne","15":"pa_srednica-17-5","16":"pa_stan-uzywany","17":"pa_szerokosc-opony-235-mm","19":"first","20":"instock","21":"taxable","22":"shipping-taxable","23":"purchasable","24":"product-type-simple"},"acf":[],"_links":{"self":[{"href":"https:\/\/konwit.pl\/kozieglowy\/wp-json\/wp\/v2\/product\/32261","targetHints":{"allow":["GET"]}}],"collection":[{"href":"https:\/\/konwit.pl\/kozieglowy\/wp-json\/wp\/v2\/product"}],"about":[{"href":"https:\/\/konwit.pl\/kozieglowy\/wp-json\/wp\/v2\/types\/product"}],"wp:featuredmedia":[{"embeddable":true,"href":"https:\/\/konwit.pl\/kozieglowy\/wp-json\/wp\/v2\/media\/32259"}],"wp:attachment":[{"href":"https:\/\/konwit.pl\/kozieglowy\/wp-json\/wp\/v2\/media?parent=32261"}],"wp:term":[{"taxonomy":"product_brand","embeddable":true,"href":"https:\/\/konwit.pl\/kozieglowy\/wp-json\/wp\/v2\/product_brand?post=32261"},{"taxonomy":"product_cat","embeddable":true,"href":"https:\/\/konwit.pl\/kozieglowy\/wp-json\/wp\/v2\/product_cat?post=32261"},{"taxonomy":"product_tag","embeddable":true,"href":"https:\/\/konwit.pl\/kozieglowy\/wp-json\/wp\/v2\/product_tag?post=32261"}],"curies":[{"name":"wp","href":"https:\/\/api.w.org\/{rel}","templated":true}]}}