{"id":32265,"date":"2026-02-13T11:41:08","date_gmt":"2026-02-13T10:41:08","guid":{"rendered":"https:\/\/konwit.pl\/kozieglowy\/produkt\/opona-ciezarowa-225-75r17-5-pirelli-profuel-drive-r02-naped-idt031\/"},"modified":"2026-02-13T11:46:54","modified_gmt":"2026-02-13T10:46:54","slug":"opona-ciezarowa-225-75r17-5-pirelli-profuel-drive-r02-naped-idt031","status":"publish","type":"product","link":"https:\/\/konwit.pl\/kozieglowy\/produkt\/opona-ciezarowa-225-75r17-5-pirelli-profuel-drive-r02-naped-idt031\/","title":{"rendered":"Opona Ci\u0119\u017carowa 225\/75R17.5 PIRELLI PROFUEL DRIVE R02 NAP\u0118D (idT031)"},"content":{"rendered":"<p>Opona U\u017cywana Ci\u0119\u017carowa<\/p>\n<p>\u27a1\ufe0f Marka: PIRELLI<\/p>\n<p>\u27a1\ufe0f Model: PROFUEL DRIVE R02, NAP\u0118D<\/p>\n<p>\u27a1\ufe0f Rozmiar: 225\/75R17.5<\/p>\n<p><b>Szczeg\u00f3\u0142owe Dane Techniczne:<\/b><\/p>\n<p>Wysoko\u015b\u0107 bie\u017cnika: 10 mm<\/p>\n<p>Data produkcji (DOT): 3024 (30. tydzie\u0144 2024 roku)<\/p>\n<p>Stan opony: Opona posiada profesjonalnie wykonan\u0105 napraw\u0119 w naszym serwisie wulkanizacyjnym: posiada wtopienia bez wk\u0142ad\u00f3w naprawczych (tylko kosmetyczna naprawa \u2013 uzupe\u0142nienie gumy).<\/p>\n<p>\u2705 Opona zosta\u0142a przez nas sprawdzona ci\u015bnieniowo.<\/p>\n<p>\u2705 Realne Zdj\u0119cia: Fotografie w ofercie przedstawiaj\u0105 dok\u0142adnie t\u0119 opon\u0119, kt\u00f3r\u0105 kupujesz.<\/p>\n<p>Cena: Podana cena jest cen\u0105 brutto i dotyczy jednej sztuki.<\/p>\n<p>Link do bazy EPREL (etykieta opony i dost\u0119p do karty informacyjnej): https:\/\/eprel.ec.europa.eu\/screen\/product\/tyres\/1034368<\/p>\n<p>Numer Identyfikacyjny Produktu: T031<\/p>\n","protected":false},"excerpt":{"rendered":"<p>Opona U\u017cywana Ci\u0119\u017carowa \u27a1\ufe0f Marka: PIRELLI \u27a1\ufe0f Model: PROFUEL DRIVE R02, NAP\u0118D \u27a1\ufe0f Rozmiar: 225\/75R17.5 Szczeg\u00f3\u0142owe Dane Techniczne: Wysoko\u015b\u0107 bie\u017cnika: 10 mm Data produkcji (DOT): 3024 (30. tydzie\u0144 2024 roku) Stan opony: Opona posiada profesjonalnie wykonan\u0105 napraw\u0119 w naszym serwisie wulkanizacyjnym: posiada wtopienia bez wk\u0142ad\u00f3w naprawczych (tylko kosmetyczna naprawa \u2013 uzupe\u0142nienie gumy). \u2705 Opona zosta\u0142a [&hellip;]<\/p>\n","protected":false},"featured_media":32263,"template":"","meta":{"_acf_changed":false,"_themeisle_gutenberg_block_has_review":false},"product_brand":[],"product_cat":[26],"product_tag":[],"class_list":{"0":"post-32265","1":"product","2":"type-product","3":"status-publish","4":"has-post-thumbnail","6":"product_cat-ciezarowe","7":"product_shipping_class-male-opony","8":"pa_ean-3212","9":"pa_liczba-opon-w-ofercie-1-szt","10":"pa_marka-pirelli","11":"pa_model-r02-profuel-drive-17-5","12":"pa_os-os-napedowa-d","13":"pa_profil-opony-91","14":"pa_sezon-caloroczne","15":"pa_srednica-17-5","16":"pa_stan-uzywany","17":"pa_szerokosc-opony-225-mm","19":"first","20":"instock","21":"taxable","22":"shipping-taxable","23":"purchasable","24":"product-type-simple"},"acf":[],"_links":{"self":[{"href":"https:\/\/konwit.pl\/kozieglowy\/wp-json\/wp\/v2\/product\/32265","targetHints":{"allow":["GET"]}}],"collection":[{"href":"https:\/\/konwit.pl\/kozieglowy\/wp-json\/wp\/v2\/product"}],"about":[{"href":"https:\/\/konwit.pl\/kozieglowy\/wp-json\/wp\/v2\/types\/product"}],"wp:featuredmedia":[{"embeddable":true,"href":"https:\/\/konwit.pl\/kozieglowy\/wp-json\/wp\/v2\/media\/32263"}],"wp:attachment":[{"href":"https:\/\/konwit.pl\/kozieglowy\/wp-json\/wp\/v2\/media?parent=32265"}],"wp:term":[{"taxonomy":"product_brand","embeddable":true,"href":"https:\/\/konwit.pl\/kozieglowy\/wp-json\/wp\/v2\/product_brand?post=32265"},{"taxonomy":"product_cat","embeddable":true,"href":"https:\/\/konwit.pl\/kozieglowy\/wp-json\/wp\/v2\/product_cat?post=32265"},{"taxonomy":"product_tag","embeddable":true,"href":"https:\/\/konwit.pl\/kozieglowy\/wp-json\/wp\/v2\/product_tag?post=32265"}],"curies":[{"name":"wp","href":"https:\/\/api.w.org\/{rel}","templated":true}]}}