{"id":32453,"date":"2026-02-13T11:52:31","date_gmt":"2026-02-13T10:52:31","guid":{"rendered":"https:\/\/konwit.pl\/kozieglowy\/produkt\/opona-ciezarowa-205-75r17-5-continental-hybrid-ls3-11mm-idt070\/"},"modified":"2026-02-13T14:53:29","modified_gmt":"2026-02-13T13:53:29","slug":"opona-ciezarowa-205-75r17-5-continental-hybrid-ls3-11mm-idt070","status":"publish","type":"product","link":"https:\/\/konwit.pl\/kozieglowy\/produkt\/opona-ciezarowa-205-75r17-5-continental-hybrid-ls3-11mm-idt070\/","title":{"rendered":"Opona Ci\u0119\u017carowa 205\/75R17.5 CONTINENTAL HYBRID LS3 11mm (idT070)"},"content":{"rendered":"<p>Opona U\u017cywana Ci\u0119\u017carowa<\/p>\n<p>\u27a1\ufe0f Marka: CONTINENTAL<\/p>\n<p>\u27a1\ufe0f Model: HYBRID LS3 124\/122M, PRZ\u00d3D<\/p>\n<p>\u27a1\ufe0f Rozmiar: 205\/75R17.5<\/p>\n<p>Szczeg\u00f3\u0142owe Dane Techniczne:<\/p>\n<p>Wysoko\u015b\u0107 bie\u017cnika: 11 mm<\/p>\n<p>Data produkcji (DOT): 1418 (14. tydzie\u0144 2018 roku)<\/p>\n<p>Stan opony: Opona posiada wtopienia BEZ WK\u0141AD\u00d3W NAPRAWCZYCH (tylko kosmetyczna naprawa &#8211; miejscowe uzupe\u0142nienie gumy).<\/p>\n<p>\u2705 Opona zosta\u0142a przez nas sprawdzona ci\u015bnieniowo.<\/p>\n<p>\u2705 Realne Zdj\u0119cia: Fotografie w ofercie przedstawiaj\u0105 dok\u0142adnie t\u0119 opon\u0119, kt\u00f3r\u0105 kupujesz.<\/p>\n<p>Numer Identyfikacyjny Produktu: T070<\/p>\n","protected":false},"excerpt":{"rendered":"<p>Opona U\u017cywana Ci\u0119\u017carowa \u27a1\ufe0f Marka: CONTINENTAL \u27a1\ufe0f Model: HYBRID LS3 124\/122M, PRZ\u00d3D \u27a1\ufe0f Rozmiar: 205\/75R17.5 Szczeg\u00f3\u0142owe Dane Techniczne: Wysoko\u015b\u0107 bie\u017cnika: 11 mm Data produkcji (DOT): 1418 (14. tydzie\u0144 2018 roku) Stan opony: Opona posiada wtopienia BEZ WK\u0141AD\u00d3W NAPRAWCZYCH (tylko kosmetyczna naprawa &#8211; miejscowe uzupe\u0142nienie gumy). \u2705 Opona zosta\u0142a przez nas sprawdzona ci\u015bnieniowo. \u2705 Realne Zdj\u0119cia: [&hellip;]<\/p>\n","protected":false},"featured_media":32451,"template":"","meta":{"_acf_changed":false,"_themeisle_gutenberg_block_has_review":false},"product_brand":[],"product_cat":[26],"product_tag":[],"class_list":{"0":"post-32453","1":"product","2":"type-product","3":"status-publish","4":"has-post-thumbnail","6":"product_cat-ciezarowe","7":"product_shipping_class-male-opony","8":"pa_ean-3290","9":"pa_liczba-opon-w-ofercie-1-szt","10":"pa_marka-continental","11":"pa_model-conti-hybrid-ls3","12":"pa_profil-opony-91","13":"pa_sezon-caloroczne","14":"pa_srednica-17-5","15":"pa_stan-uzywany","16":"pa_szerokosc-opony-205-mm","18":"first","19":"instock","20":"taxable","21":"shipping-taxable","22":"purchasable","23":"product-type-simple"},"acf":[],"_links":{"self":[{"href":"https:\/\/konwit.pl\/kozieglowy\/wp-json\/wp\/v2\/product\/32453","targetHints":{"allow":["GET"]}}],"collection":[{"href":"https:\/\/konwit.pl\/kozieglowy\/wp-json\/wp\/v2\/product"}],"about":[{"href":"https:\/\/konwit.pl\/kozieglowy\/wp-json\/wp\/v2\/types\/product"}],"wp:featuredmedia":[{"embeddable":true,"href":"https:\/\/konwit.pl\/kozieglowy\/wp-json\/wp\/v2\/media\/32451"}],"wp:attachment":[{"href":"https:\/\/konwit.pl\/kozieglowy\/wp-json\/wp\/v2\/media?parent=32453"}],"wp:term":[{"taxonomy":"product_brand","embeddable":true,"href":"https:\/\/konwit.pl\/kozieglowy\/wp-json\/wp\/v2\/product_brand?post=32453"},{"taxonomy":"product_cat","embeddable":true,"href":"https:\/\/konwit.pl\/kozieglowy\/wp-json\/wp\/v2\/product_cat?post=32453"},{"taxonomy":"product_tag","embeddable":true,"href":"https:\/\/konwit.pl\/kozieglowy\/wp-json\/wp\/v2\/product_tag?post=32453"}],"curies":[{"name":"wp","href":"https:\/\/api.w.org\/{rel}","templated":true}]}}