{"id":33151,"date":"2026-04-22T10:24:51","date_gmt":"2026-04-22T08:24:51","guid":{"rendered":"https:\/\/konwit.pl\/kozieglowy\/produkt\/2szt-opony-ciezarowe-385-65r22-5-gt-radial-gt978-naczepowe-idt451\/"},"modified":"2026-04-22T10:47:30","modified_gmt":"2026-04-22T08:47:30","slug":"2szt-opony-ciezarowe-385-65r22-5-gt-radial-gt978-naczepowe-idt451","status":"publish","type":"product","link":"https:\/\/konwit.pl\/kozieglowy\/produkt\/2szt-opony-ciezarowe-385-65r22-5-gt-radial-gt978-naczepowe-idt451\/","title":{"rendered":"2szt. Opony ci\u0119\u017carowe 385\/65R22.5 GT RADIAL GT978 + NACZEPOWE (idT451)"},"content":{"rendered":"<p>Para U\u017cywanych Opon Ci\u0119\u017carowych<\/p>\n<p>\u27a1\ufe0f Marka: GT RADIAL<\/p>\n<p>\u27a1\ufe0f Model: GT978 +, NACZEPA<\/p>\n<p>\u27a1\ufe0f Rozmiar: 385\/65R22.5<\/p>\n<p>Szczeg\u00f3\u0142owe Dane Techniczne:<\/p>\n<p>Wysoko\u015b\u0107 bie\u017cnika: 12 mm<\/p>\n<p>Data produkcji (DOT): 1616 (16. tydzie\u0144 2016 roku)<\/p>\n<p>Stan opon: Opony posiadaj\u0105 wtopienia BEZ WK\u0141AD\u00d3W NAPRAWCZYCH (tylko kosmetyczna naprawa &#8211; miejscowe uzupe\u0142nienie gumy).<\/p>\n<p>\u2705 Opony zosta\u0142y przez nas sprawdzone ci\u015bnieniowo.<\/p>\n<p>\u2705 Realne Zdj\u0119cia: Fotografie w ofercie przedstawiaj\u0105 dok\u0142adnie te opony, kt\u00f3re kupujesz.<\/p>\n<p>Numer Identyfikacyjny Produktu: T451 \/ T452<\/p>\n","protected":false},"excerpt":{"rendered":"<p>Para U\u017cywanych Opon Ci\u0119\u017carowych \u27a1\ufe0f Marka: GT RADIAL \u27a1\ufe0f Model: GT978 +, NACZEPA \u27a1\ufe0f Rozmiar: 385\/65R22.5 Szczeg\u00f3\u0142owe Dane Techniczne: Wysoko\u015b\u0107 bie\u017cnika: 12 mm Data produkcji (DOT): 1616 (16. tydzie\u0144 2016 roku) Stan opon: Opony posiadaj\u0105 wtopienia BEZ WK\u0141AD\u00d3W NAPRAWCZYCH (tylko kosmetyczna naprawa &#8211; miejscowe uzupe\u0142nienie gumy). \u2705 Opony zosta\u0142y przez nas sprawdzone ci\u015bnieniowo. \u2705 Realne [&hellip;]<\/p>\n","protected":false},"featured_media":33149,"template":"","meta":{"_acf_changed":false,"_themeisle_gutenberg_block_has_review":false},"product_brand":[],"product_cat":[26],"product_tag":[],"class_list":{"0":"post-33151","1":"product","2":"type-product","3":"status-publish","4":"has-post-thumbnail","6":"product_cat-ciezarowe","7":"product_shipping_class-duze-opony","8":"pa_ean-3531","9":"pa_liczba-opon-w-ofercie-2-szt","10":"pa_marka-gt-radial","11":"pa_model-gt978","12":"pa_os-os-naczepowa-t","13":"pa_profil-opony-29","14":"pa_srednica-22-5","15":"pa_stan-uzywany","16":"pa_szerokosc-opony-385-mm","18":"first","19":"instock","20":"taxable","21":"shipping-taxable","22":"purchasable","23":"product-type-simple"},"acf":[],"_links":{"self":[{"href":"https:\/\/konwit.pl\/kozieglowy\/wp-json\/wp\/v2\/product\/33151","targetHints":{"allow":["GET"]}}],"collection":[{"href":"https:\/\/konwit.pl\/kozieglowy\/wp-json\/wp\/v2\/product"}],"about":[{"href":"https:\/\/konwit.pl\/kozieglowy\/wp-json\/wp\/v2\/types\/product"}],"wp:featuredmedia":[{"embeddable":true,"href":"https:\/\/konwit.pl\/kozieglowy\/wp-json\/wp\/v2\/media\/33149"}],"wp:attachment":[{"href":"https:\/\/konwit.pl\/kozieglowy\/wp-json\/wp\/v2\/media?parent=33151"}],"wp:term":[{"taxonomy":"product_brand","embeddable":true,"href":"https:\/\/konwit.pl\/kozieglowy\/wp-json\/wp\/v2\/product_brand?post=33151"},{"taxonomy":"product_cat","embeddable":true,"href":"https:\/\/konwit.pl\/kozieglowy\/wp-json\/wp\/v2\/product_cat?post=33151"},{"taxonomy":"product_tag","embeddable":true,"href":"https:\/\/konwit.pl\/kozieglowy\/wp-json\/wp\/v2\/product_tag?post=33151"}],"curies":[{"name":"wp","href":"https:\/\/api.w.org\/{rel}","templated":true}]}}