{"id":33251,"date":"2026-04-22T10:28:13","date_gmt":"2026-04-22T08:28:13","guid":{"rendered":"https:\/\/konwit.pl\/kozieglowy\/produkt\/385-65r22-5-uniroyal-th50-hl-2023r-idt418\/"},"modified":"2026-04-22T10:32:08","modified_gmt":"2026-04-22T08:32:08","slug":"385-65r22-5-uniroyal-th50-hl-2023r-idt418","status":"publish","type":"product","link":"https:\/\/konwit.pl\/kozieglowy\/produkt\/385-65r22-5-uniroyal-th50-hl-2023r-idt418\/","title":{"rendered":"385\/65R22.5 UNIROYAL TH50 HL 2023r (idT418)"},"content":{"rendered":"<p><b>Opona U\u017cywana Ci\u0119\u017carowa<\/b><\/p>\n<p>\u27a1\ufe0f Marka: UNIROYAL<\/p>\n<p>\u27a1\ufe0f Model: TH50 HL, NACZEPA<\/p>\n<p>\u27a1\ufe0f Rozmiar: 385\/65R22.5<\/p>\n<p><b>Szczeg\u00f3\u0142owe Dane Techniczne:<\/b><\/p>\n<p>Wysoko\u015b\u0107 bie\u017cnika: 13 mm<\/p>\n<p>Data produkcji (DOT): 0923 (09. tydzie\u0144 2023 roku)<\/p>\n<p>Stan opony: Opona posiada profesjonalnie wykonan\u0105 napraw\u0119 &#8211; wk\u0142ad naprawczy na czole.<\/p>\n<p>\u2705 Opona zosta\u0142a przez nas sprawdzona ci\u015bnieniowo.<\/p>\n<p>\u2705 Realne Zdj\u0119cia: Fotografie w ofercie przedstawiaj\u0105 dok\u0142adnie t\u0119 opon\u0119, kt\u00f3r\u0105 kupujesz.<\/p>\n<p>Link do bazy EPREL (etykieta opony i dost\u0119p do karty informacyjnej):<\/p>\n<p>https:\/\/eprel.ec.europa.eu\/screen\/product\/tyres\/710178<\/p>\n<p>Numer Identyfikacyjny Produktu: T418<\/p>\n","protected":false},"excerpt":{"rendered":"<p>Opona U\u017cywana Ci\u0119\u017carowa \u27a1\ufe0f Marka: UNIROYAL \u27a1\ufe0f Model: TH50 HL, NACZEPA \u27a1\ufe0f Rozmiar: 385\/65R22.5 Szczeg\u00f3\u0142owe Dane Techniczne: Wysoko\u015b\u0107 bie\u017cnika: 13 mm Data produkcji (DOT): 0923 (09. tydzie\u0144 2023 roku) Stan opony: Opona posiada profesjonalnie wykonan\u0105 napraw\u0119 &#8211; wk\u0142ad naprawczy na czole. \u2705 Opona zosta\u0142a przez nas sprawdzona ci\u015bnieniowo. \u2705 Realne Zdj\u0119cia: Fotografie w ofercie przedstawiaj\u0105 [&hellip;]<\/p>\n","protected":false},"featured_media":33249,"template":"","meta":{"_acf_changed":false,"_themeisle_gutenberg_block_has_review":false},"product_brand":[],"product_cat":[26],"product_tag":[],"class_list":{"0":"post-33251","1":"product","2":"type-product","3":"status-publish","4":"has-post-thumbnail","6":"product_cat-ciezarowe","7":"product_shipping_class-srednie-opony","8":"pa_ean-3587","9":"pa_liczba-opon-w-ofercie-1-szt","10":"pa_marka-uniroyal","11":"pa_model-th50","12":"pa_os-os-naczepowa-t","13":"pa_profil-opony-29","14":"pa_sezon-caloroczne","15":"pa_srednica-22-5","16":"pa_stan-uzywany","17":"pa_szerokosc-opony-385-mm","19":"first","20":"instock","21":"taxable","22":"shipping-taxable","23":"purchasable","24":"product-type-simple"},"acf":[],"_links":{"self":[{"href":"https:\/\/konwit.pl\/kozieglowy\/wp-json\/wp\/v2\/product\/33251","targetHints":{"allow":["GET"]}}],"collection":[{"href":"https:\/\/konwit.pl\/kozieglowy\/wp-json\/wp\/v2\/product"}],"about":[{"href":"https:\/\/konwit.pl\/kozieglowy\/wp-json\/wp\/v2\/types\/product"}],"wp:featuredmedia":[{"embeddable":true,"href":"https:\/\/konwit.pl\/kozieglowy\/wp-json\/wp\/v2\/media\/33249"}],"wp:attachment":[{"href":"https:\/\/konwit.pl\/kozieglowy\/wp-json\/wp\/v2\/media?parent=33251"}],"wp:term":[{"taxonomy":"product_brand","embeddable":true,"href":"https:\/\/konwit.pl\/kozieglowy\/wp-json\/wp\/v2\/product_brand?post=33251"},{"taxonomy":"product_cat","embeddable":true,"href":"https:\/\/konwit.pl\/kozieglowy\/wp-json\/wp\/v2\/product_cat?post=33251"},{"taxonomy":"product_tag","embeddable":true,"href":"https:\/\/konwit.pl\/kozieglowy\/wp-json\/wp\/v2\/product_tag?post=33251"}],"curies":[{"name":"wp","href":"https:\/\/api.w.org\/{rel}","templated":true}]}}