{"id":33256,"date":"2026-04-22T10:28:22","date_gmt":"2026-04-22T08:28:22","guid":{"rendered":"https:\/\/konwit.pl\/kozieglowy\/produkt\/przod-385-65r22-5-matador-fhr4-18mm-2022r-idt417\/"},"modified":"2026-04-22T10:46:07","modified_gmt":"2026-04-22T08:46:07","slug":"przod-385-65r22-5-matador-fhr4-18mm-2022r-idt417","status":"publish","type":"product","link":"https:\/\/konwit.pl\/kozieglowy\/produkt\/przod-385-65r22-5-matador-fhr4-18mm-2022r-idt417\/","title":{"rendered":"PRZ\u00d3D 385\/65R22.5 MATADOR FHR4 18mm 2022r (idT417)"},"content":{"rendered":"<p><b>Opona U\u017cywana Ci\u0119\u017carowa<\/b><\/p>\n<p>\u27a1\ufe0f Marka: MATADOR<\/p>\n<p>\u27a1\ufe0f Model: FHR4, PRZ\u00d3D<\/p>\n<p>\u27a1\ufe0f Rozmiar: 385\/65R22.5<\/p>\n<p><b>Szczeg\u00f3\u0142owe Dane Techniczne:<\/b><\/p>\n<p>Wysoko\u015b\u0107 bie\u017cnika: 18 mm<\/p>\n<p>Data produkcji (DOT): 0822 (08. tydzie\u0144 2022 roku)<\/p>\n<p>Stan opony: Opona posiada wtopienia BEZ WK\u0141AD\u00d3W NAPRAWCZYCH (tylko kosmetyczna naprawa &#8211; miejscowe uzupe\u0142nienie gumy).<\/p>\n<p>\u2705 Opona zosta\u0142a przez nas sprawdzona ci\u015bnieniowo.<\/p>\n<p>\u2705 Realne Zdj\u0119cia: Fotografie w ofercie przedstawiaj\u0105 dok\u0142adnie t\u0119 opon\u0119, kt\u00f3r\u0105 kupujesz.<\/p>\n<p>Link do bazy EPREL (etykieta opony i dost\u0119p do karty informacyjnej):<\/p>\n<p>https:\/\/eprel.ec.europa.eu\/screen\/product\/tyres\/492319<\/p>\n<p>Numer Identyfikacyjny Produktu: T417<\/p>\n","protected":false},"excerpt":{"rendered":"<p>Opona U\u017cywana Ci\u0119\u017carowa \u27a1\ufe0f Marka: MATADOR \u27a1\ufe0f Model: FHR4, PRZ\u00d3D \u27a1\ufe0f Rozmiar: 385\/65R22.5 Szczeg\u00f3\u0142owe Dane Techniczne: Wysoko\u015b\u0107 bie\u017cnika: 18 mm Data produkcji (DOT): 0822 (08. tydzie\u0144 2022 roku) Stan opony: Opona posiada wtopienia BEZ WK\u0141AD\u00d3W NAPRAWCZYCH (tylko kosmetyczna naprawa &#8211; miejscowe uzupe\u0142nienie gumy). \u2705 Opona zosta\u0142a przez nas sprawdzona ci\u015bnieniowo. \u2705 Realne Zdj\u0119cia: Fotografie w [&hellip;]<\/p>\n","protected":false},"featured_media":33254,"template":"","meta":{"_acf_changed":false,"_themeisle_gutenberg_block_has_review":false},"product_brand":[],"product_cat":[26],"product_tag":[],"class_list":{"0":"post-33256","1":"product","2":"type-product","3":"status-publish","4":"has-post-thumbnail","6":"product_cat-ciezarowe","7":"product_shipping_class-srednie-opony","8":"pa_ean-3591","9":"pa_liczba-opon-w-ofercie-1-szt","10":"pa_marka-matador","11":"pa_model-f-hr-4","12":"pa_os-os-prowadzaca-f-s","13":"pa_profil-opony-29","14":"pa_sezon-caloroczne","15":"pa_srednica-22-5","16":"pa_stan-uzywany","17":"pa_szerokosc-opony-385-mm","19":"first","20":"instock","21":"taxable","22":"shipping-taxable","23":"purchasable","24":"product-type-simple"},"acf":[],"_links":{"self":[{"href":"https:\/\/konwit.pl\/kozieglowy\/wp-json\/wp\/v2\/product\/33256","targetHints":{"allow":["GET"]}}],"collection":[{"href":"https:\/\/konwit.pl\/kozieglowy\/wp-json\/wp\/v2\/product"}],"about":[{"href":"https:\/\/konwit.pl\/kozieglowy\/wp-json\/wp\/v2\/types\/product"}],"wp:featuredmedia":[{"embeddable":true,"href":"https:\/\/konwit.pl\/kozieglowy\/wp-json\/wp\/v2\/media\/33254"}],"wp:attachment":[{"href":"https:\/\/konwit.pl\/kozieglowy\/wp-json\/wp\/v2\/media?parent=33256"}],"wp:term":[{"taxonomy":"product_brand","embeddable":true,"href":"https:\/\/konwit.pl\/kozieglowy\/wp-json\/wp\/v2\/product_brand?post=33256"},{"taxonomy":"product_cat","embeddable":true,"href":"https:\/\/konwit.pl\/kozieglowy\/wp-json\/wp\/v2\/product_cat?post=33256"},{"taxonomy":"product_tag","embeddable":true,"href":"https:\/\/konwit.pl\/kozieglowy\/wp-json\/wp\/v2\/product_tag?post=33256"}],"curies":[{"name":"wp","href":"https:\/\/api.w.org\/{rel}","templated":true}]}}