{"id":33261,"date":"2026-04-22T10:28:31","date_gmt":"2026-04-22T08:28:31","guid":{"rendered":"https:\/\/konwit.pl\/kozieglowy\/produkt\/385-65r22-5-pirelli-st01-energy-12mm-2023r-idt414\/"},"modified":"2026-04-22T10:32:05","modified_gmt":"2026-04-22T08:32:05","slug":"385-65r22-5-pirelli-st01-energy-12mm-2023r-idt414","status":"publish","type":"product","link":"https:\/\/konwit.pl\/kozieglowy\/produkt\/385-65r22-5-pirelli-st01-energy-12mm-2023r-idt414\/","title":{"rendered":"385\/65R22.5 PIRELLI ST01 ENERGY 12mm 2023r (idT414)"},"content":{"rendered":"<p>Opona U\u017cywana Ci\u0119\u017carowa<\/p>\n<p>\u27a1\ufe0f Marka: PIRELLI<\/p>\n<p>\u27a1\ufe0f Model: ST01 ENERGY, NACZEPA<\/p>\n<p>\u27a1\ufe0f Rozmiar: 385\/65R22.5<\/p>\n<p>Szczeg\u00f3\u0142owe Dane Techniczne:<\/p>\n<p>Wysoko\u015b\u0107 bie\u017cnika: 12 mm<\/p>\n<p>Data produkcji (DOT): 0423 (04. tydzie\u0144 2023 roku)<\/p>\n<p>Stan opony: Opona posiada wtopienia BEZ WK\u0141AD\u00d3W NAPRAWCZYCH (tylko kosmetyczna naprawa &#8211; miejscowe uzupe\u0142nienie gumy).<\/p>\n<p>\u2705 Opona zosta\u0142a przez nas sprawdzona ci\u015bnieniowo.<\/p>\n<p>\u2705 Realne Zdj\u0119cia: Fotografie w ofercie przedstawiaj\u0105 dok\u0142adnie t\u0119 opon\u0119, kt\u00f3r\u0105 kupujesz.<\/p>\n<p>Link do bazy EPREL (etykieta opony i dost\u0119p do karty informacyjnej):<\/p>\n<p>https:\/\/eprel.ec.europa.eu\/screen\/product\/tyres\/593005<\/p>\n<p>Numer Identyfikacyjny Produktu: T414<\/p>\n","protected":false},"excerpt":{"rendered":"<p>Opona U\u017cywana Ci\u0119\u017carowa \u27a1\ufe0f Marka: PIRELLI \u27a1\ufe0f Model: ST01 ENERGY, NACZEPA \u27a1\ufe0f Rozmiar: 385\/65R22.5 Szczeg\u00f3\u0142owe Dane Techniczne: Wysoko\u015b\u0107 bie\u017cnika: 12 mm Data produkcji (DOT): 0423 (04. tydzie\u0144 2023 roku) Stan opony: Opona posiada wtopienia BEZ WK\u0141AD\u00d3W NAPRAWCZYCH (tylko kosmetyczna naprawa &#8211; miejscowe uzupe\u0142nienie gumy). \u2705 Opona zosta\u0142a przez nas sprawdzona ci\u015bnieniowo. \u2705 Realne Zdj\u0119cia: Fotografie [&hellip;]<\/p>\n","protected":false},"featured_media":33259,"template":"","meta":{"_acf_changed":false,"_themeisle_gutenberg_block_has_review":false},"product_brand":[],"product_cat":[26],"product_tag":[],"class_list":{"0":"post-33261","1":"product","2":"type-product","3":"status-publish","4":"has-post-thumbnail","6":"product_cat-ciezarowe","7":"product_shipping_class-srednie-opony","8":"pa_ean-3593","9":"pa_liczba-opon-w-ofercie-1-szt","10":"pa_marka-pirelli","11":"pa_model-st01","12":"pa_os-os-naczepowa-t","13":"pa_profil-opony-29","14":"pa_srednica-22-5","15":"pa_stan-uzywany","16":"pa_szerokosc-opony-385-mm","18":"first","19":"instock","20":"taxable","21":"shipping-taxable","22":"purchasable","23":"product-type-simple"},"acf":[],"_links":{"self":[{"href":"https:\/\/konwit.pl\/kozieglowy\/wp-json\/wp\/v2\/product\/33261","targetHints":{"allow":["GET"]}}],"collection":[{"href":"https:\/\/konwit.pl\/kozieglowy\/wp-json\/wp\/v2\/product"}],"about":[{"href":"https:\/\/konwit.pl\/kozieglowy\/wp-json\/wp\/v2\/types\/product"}],"wp:featuredmedia":[{"embeddable":true,"href":"https:\/\/konwit.pl\/kozieglowy\/wp-json\/wp\/v2\/media\/33259"}],"wp:attachment":[{"href":"https:\/\/konwit.pl\/kozieglowy\/wp-json\/wp\/v2\/media?parent=33261"}],"wp:term":[{"taxonomy":"product_brand","embeddable":true,"href":"https:\/\/konwit.pl\/kozieglowy\/wp-json\/wp\/v2\/product_brand?post=33261"},{"taxonomy":"product_cat","embeddable":true,"href":"https:\/\/konwit.pl\/kozieglowy\/wp-json\/wp\/v2\/product_cat?post=33261"},{"taxonomy":"product_tag","embeddable":true,"href":"https:\/\/konwit.pl\/kozieglowy\/wp-json\/wp\/v2\/product_tag?post=33261"}],"curies":[{"name":"wp","href":"https:\/\/api.w.org\/{rel}","templated":true}]}}