{"id":33272,"date":"2026-04-22T10:28:56","date_gmt":"2026-04-22T08:28:56","guid":{"rendered":"https:\/\/konwit.pl\/kozieglowy\/produkt\/13r22-5-michelin-x-works-d-13mm-2021r-idt410\/"},"modified":"2026-04-22T10:31:59","modified_gmt":"2026-04-22T08:31:59","slug":"13r22-5-michelin-x-works-d-13mm-2021r-idt410","status":"publish","type":"product","link":"https:\/\/konwit.pl\/kozieglowy\/produkt\/13r22-5-michelin-x-works-d-13mm-2021r-idt410\/","title":{"rendered":"13R22.5 MICHELIN X WORKS D 13mm 2021r (idT410)"},"content":{"rendered":"<p>Opona U\u017cywana Ci\u0119\u017carowa<\/p>\n<p>\u27a1\ufe0f Marka: MICHELIN<\/p>\n<p>\u27a1\ufe0f Model: X WORKS D, NAP\u0118D<\/p>\n<p>\u27a1\ufe0f Rozmiar: 13R22.5<\/p>\n<p>Szczeg\u00f3\u0142owe Dane Techniczne:<\/p>\n<p>Wysoko\u015b\u0107 bie\u017cnika: 13 mm<\/p>\n<p>Data produkcji (DOT): 2621 (26. tydzie\u0144 2021 roku)<\/p>\n<p>Stan opony: Opona posiada profesjonalnie wykonan\u0105 napraw\u0119 &#8211; wk\u0142ad naprawczy boku.<\/p>\n<p>\u2705 Opona zosta\u0142a przez nas sprawdzona ci\u015bnieniowo.<\/p>\n<p>\u2705 Realne Zdj\u0119cia: Fotografie w ofercie przedstawiaj\u0105 dok\u0142adnie t\u0119 opon\u0119, kt\u00f3r\u0105 kupujesz.<\/p>\n<p>Link do bazy EPREL (etykieta opony i dost\u0119p do karty informacyjnej):<\/p>\n<p>https:\/\/eprel.ec.europa.eu\/screen\/product\/tyres\/409133<\/p>\n<p>Numer Identyfikacyjny Produktu: T410<\/p>\n","protected":false},"excerpt":{"rendered":"<p>Opona U\u017cywana Ci\u0119\u017carowa \u27a1\ufe0f Marka: MICHELIN \u27a1\ufe0f Model: X WORKS D, NAP\u0118D \u27a1\ufe0f Rozmiar: 13R22.5 Szczeg\u00f3\u0142owe Dane Techniczne: Wysoko\u015b\u0107 bie\u017cnika: 13 mm Data produkcji (DOT): 2621 (26. tydzie\u0144 2021 roku) Stan opony: Opona posiada profesjonalnie wykonan\u0105 napraw\u0119 &#8211; wk\u0142ad naprawczy boku. \u2705 Opona zosta\u0142a przez nas sprawdzona ci\u015bnieniowo. \u2705 Realne Zdj\u0119cia: Fotografie w ofercie przedstawiaj\u0105 [&hellip;]<\/p>\n","protected":false},"featured_media":33270,"template":"","meta":{"_acf_changed":false,"_themeisle_gutenberg_block_has_review":false},"product_brand":[],"product_cat":[26],"product_tag":[],"class_list":{"0":"post-33272","1":"product","2":"type-product","3":"status-publish","4":"has-post-thumbnail","6":"product_cat-ciezarowe","7":"product_shipping_class-srednie-opony","8":"pa_ean-2640","9":"pa_liczba-opon-w-ofercie-1-szt","10":"pa_marka-michelin","11":"pa_model-x-works-d-r","12":"pa_profil-opony-284","13":"pa_srednica-22-5","14":"pa_stan-uzywany","15":"pa_szerokosc-opony-inna","17":"first","18":"instock","19":"taxable","20":"shipping-taxable","21":"purchasable","22":"product-type-simple"},"acf":[],"_links":{"self":[{"href":"https:\/\/konwit.pl\/kozieglowy\/wp-json\/wp\/v2\/product\/33272","targetHints":{"allow":["GET"]}}],"collection":[{"href":"https:\/\/konwit.pl\/kozieglowy\/wp-json\/wp\/v2\/product"}],"about":[{"href":"https:\/\/konwit.pl\/kozieglowy\/wp-json\/wp\/v2\/types\/product"}],"wp:featuredmedia":[{"embeddable":true,"href":"https:\/\/konwit.pl\/kozieglowy\/wp-json\/wp\/v2\/media\/33270"}],"wp:attachment":[{"href":"https:\/\/konwit.pl\/kozieglowy\/wp-json\/wp\/v2\/media?parent=33272"}],"wp:term":[{"taxonomy":"product_brand","embeddable":true,"href":"https:\/\/konwit.pl\/kozieglowy\/wp-json\/wp\/v2\/product_brand?post=33272"},{"taxonomy":"product_cat","embeddable":true,"href":"https:\/\/konwit.pl\/kozieglowy\/wp-json\/wp\/v2\/product_cat?post=33272"},{"taxonomy":"product_tag","embeddable":true,"href":"https:\/\/konwit.pl\/kozieglowy\/wp-json\/wp\/v2\/product_tag?post=33272"}],"curies":[{"name":"wp","href":"https:\/\/api.w.org\/{rel}","templated":true}]}}