{"id":44300,"date":"2023-04-25T14:42:29","date_gmt":"2023-04-25T12:42:29","guid":{"rendered":"https:\/\/konwit.pl\/ksawerow\/produkt\/265-70r195-riken-extengo-t-u391\/"},"modified":"2023-04-25T14:51:39","modified_gmt":"2023-04-25T12:51:39","slug":"265-70r195-riken-extengo-t-u391","status":"publish","type":"product","link":"https:\/\/konwit.pl\/ksawerow\/produkt\/265-70r195-riken-extengo-t-u391\/","title":{"rendered":"265\/70R19,5 Riken Extengo T (U391)"},"content":{"rendered":"<h1>Opona ci\u0119\u017carowa Riken Extengo T<\/h1>\n<h2>Rozmiar 265\/70R19,5<\/h2>\n<p>Cena:&nbsp;brutto<\/p>\n<p>Typ\/rodzaj opon(y):&nbsp;Ci\u0119\u017carowa<\/p>\n<p>Producent:&nbsp;Riken<\/p>\n<p>Wysoko\u015b\u0107 bie\u017cnika, oko\u0142o:&nbsp;11,5mm<\/p>\n<p>DOT:&nbsp;4914<\/p>\n<p>ID oferty:&nbsp;U391 \/ 101<\/p>\n<p><b>Opona sprawdzana ci\u015bnieniowo.<\/b><\/p>\n<p><b>Gwarancja:<\/b><\/p>\n<p>udzielamy 3 miesi\u0119cznej gwarancji<\/p>\n<p><b>Szczeg\u00f3\u0142owe informacje o oponie:<\/b><\/p>\n<p>Wtopienia bez wk\u0142ad\u00f3w naprawczych (tylko kosmetyczna naprawa-powierzchowne uzupe\u0142nienie gumy)<\/p>\n<p><b>POSIADAMY WI\u0118CEJ TEGO TYPU OPON<\/b><\/p>\n<p><b>Ka\u017cda z napraw zosta\u0142a wykonana przez nasz\u0105 firm\u0119 (o ile tak\u0105 napraw\u0119 opona posiada)<\/b><\/p>\n<p><b>Dysponujemy technologi\u0105 pozwalaj\u0105c\u0105 nam naprawia\u0107 uszkodzenia w czole, barku, stopce i na boku opony. Wyb\u00f3r techniki naprawy uzale\u017cniony jest od rodzaju i miejsca uszkodzenia.<\/b><\/p>\n<p><b>Podczas pracy u\u017cywamy profesjonalnych maszyn, urz\u0105dze\u0144 oraz narz\u0119dzi stosowanych w bie\u017cnikowniach, czy te\u017c w firmach produkuj\u0105cych nowe opony.<\/b><\/p>\n<p><b>Dzia\u0142amy profesjonalnie i mamy w tym temacie ogromne do\u015bwiadczenie oraz wiedz\u0119. Potwierdzeniem tego s\u0105 uzyskiwane przez nas od lat certyfikaty w zakresie napraw opon do pojazd\u00f3w osobowych, ci\u0119\u017carowych, rolniczych i przemys\u0142owych, nadawane nam przez Polskie Centrum Bada\u0144 i Certyfikacji SA.<\/b><\/p>\n","protected":false},"excerpt":{"rendered":"<p>Opona ci\u0119\u017carowa Riken Extengo T Rozmiar 265\/70R19,5 Cena:&nbsp;brutto Typ\/rodzaj opon(y):&nbsp;Ci\u0119\u017carowa Producent:&nbsp;Riken Wysoko\u015b\u0107 bie\u017cnika, oko\u0142o:&nbsp;11,5mm DOT:&nbsp;4914 ID oferty:&nbsp;U391 \/ 101 Opona sprawdzana ci\u015bnieniowo. Gwarancja: udzielamy 3 miesi\u0119cznej gwarancji Szczeg\u00f3\u0142owe informacje o oponie: Wtopienia bez wk\u0142ad\u00f3w naprawczych (tylko kosmetyczna naprawa-powierzchowne uzupe\u0142nienie gumy) POSIADAMY WI\u0118CEJ TEGO TYPU OPON Ka\u017cda z napraw zosta\u0142a wykonana przez nasz\u0105 firm\u0119 (o ile [&hellip;]<\/p>\n","protected":false},"featured_media":44296,"template":"","meta":{"_acf_changed":false,"_themeisle_gutenberg_block_has_review":false},"product_brand":[],"product_cat":[19],"product_tag":[],"class_list":{"0":"post-44300","1":"product","2":"type-product","3":"status-publish","4":"has-post-thumbnail","6":"product_cat-ciezarowe","7":"product_shipping_class-ciezarowe-duze-1szt","8":"pa_ean-6152","9":"pa_liczba-opon-w-ofercie-1-szt","10":"pa_marka-riken","11":"pa_model-extengo-t","12":"pa_os-os-naczepowa-t","13":"pa_profil-opony-53","14":"pa_srednica-19-5","15":"pa_stan-uzywany","16":"pa_szerokosc-opony-265-mm","18":"first","19":"instock","20":"taxable","21":"shipping-taxable","22":"purchasable","23":"product-type-simple"},"acf":[],"_links":{"self":[{"href":"https:\/\/konwit.pl\/ksawerow\/wp-json\/wp\/v2\/product\/44300","targetHints":{"allow":["GET"]}}],"collection":[{"href":"https:\/\/konwit.pl\/ksawerow\/wp-json\/wp\/v2\/product"}],"about":[{"href":"https:\/\/konwit.pl\/ksawerow\/wp-json\/wp\/v2\/types\/product"}],"wp:featuredmedia":[{"embeddable":true,"href":"https:\/\/konwit.pl\/ksawerow\/wp-json\/wp\/v2\/media\/44296"}],"wp:attachment":[{"href":"https:\/\/konwit.pl\/ksawerow\/wp-json\/wp\/v2\/media?parent=44300"}],"wp:term":[{"taxonomy":"product_brand","embeddable":true,"href":"https:\/\/konwit.pl\/ksawerow\/wp-json\/wp\/v2\/product_brand?post=44300"},{"taxonomy":"product_cat","embeddable":true,"href":"https:\/\/konwit.pl\/ksawerow\/wp-json\/wp\/v2\/product_cat?post=44300"},{"taxonomy":"product_tag","embeddable":true,"href":"https:\/\/konwit.pl\/ksawerow\/wp-json\/wp\/v2\/product_tag?post=44300"}],"curies":[{"name":"wp","href":"https:\/\/api.w.org\/{rel}","templated":true}]}}