{"id":60017,"date":"2024-11-06T14:11:48","date_gmt":"2024-11-06T13:11:48","guid":{"rendered":"https:\/\/konwit.pl\/ksawerow\/produkt\/315-70r225-goodyear-fuelmax-s-hl-endurance-8mm-2021rok-prowadzaca-t5540\/"},"modified":"2024-11-06T14:18:45","modified_gmt":"2024-11-06T13:18:45","slug":"315-70r225-goodyear-fuelmax-s-hl-endurance-8mm-2021rok-prowadzaca-t5540","status":"publish","type":"product","link":"https:\/\/konwit.pl\/ksawerow\/produkt\/315-70r225-goodyear-fuelmax-s-hl-endurance-8mm-2021rok-prowadzaca-t5540\/","title":{"rendered":"315\/70R22,5 GOODYEAR FUELMAX S HL ENDURANCE 8mm 2021rok PROWADZ\u0104CA (T5540)"},"content":{"rendered":"<h1>\u25b6\ufe0f OPONA PROWADZ\u0104CA<\/h1>\n<h1>GOODYEAR FUELMAX S HL ENDURANCE<\/h1>\n<h2>Rozmiar 315\/70R22,5<\/h2>\n<h1>Cena: brutto<\/h1>\n<h1>\u25b6\ufe0f Wysoko\u015b\u0107 bie\u017cnika, oko\u0142o: 8mm<\/h1>\n<ul>\n<li>DOT: <b>4621<\/b><\/li>\n<li>ID oferty: <b>T5540<\/b><\/li>\n<\/ul>\n<p><b>Gwarancja:<\/b><\/p>\n<p>Warunki zosta\u0142y opisane w zak\u0142adce <b>GWARANCJA<\/b><\/p>\n<h1>\u25b6\ufe0fOpona sprawdzona ci\u015bnieniowo.<\/h1>\n<p><b>OPONA POSIADA PROFESJONALNIE WYKONAN\u0104 KOSMETYCZN\u0104 NAPRAW\u0118 BEZ WK\u0141AD\u00d3W NAPRAWCZYCH WKLEJANYCH OD WEWN\u0104TRZ OPONY.<\/b><\/p>\n<p>\u25b6\ufe0f POSIADAMY WI\u0118CEJ TEGO TYPU OPON, PROSZ\u0118 SPRAWDZI\u0106 POZOSTA\u0141E OFERTY.<\/p>\n","protected":false},"excerpt":{"rendered":"<p>\u25b6\ufe0f OPONA PROWADZ\u0104CA GOODYEAR FUELMAX S HL ENDURANCE Rozmiar 315\/70R22,5 Cena: brutto \u25b6\ufe0f Wysoko\u015b\u0107 bie\u017cnika, oko\u0142o: 8mm DOT: 4621 ID oferty: T5540 Gwarancja: Warunki zosta\u0142y opisane w zak\u0142adce GWARANCJA \u25b6\ufe0fOpona sprawdzona ci\u015bnieniowo. OPONA POSIADA PROFESJONALNIE WYKONAN\u0104 KOSMETYCZN\u0104 NAPRAW\u0118 BEZ WK\u0141AD\u00d3W NAPRAWCZYCH WKLEJANYCH OD WEWN\u0104TRZ OPONY. \u25b6\ufe0f POSIADAMY WI\u0118CEJ TEGO TYPU OPON, PROSZ\u0118 SPRAWDZI\u0106 POZOSTA\u0141E OFERTY.<\/p>\n","protected":false},"featured_media":60014,"template":"","meta":{"_acf_changed":false,"_themeisle_gutenberg_block_has_review":false},"product_brand":[],"product_cat":[19],"product_tag":[],"class_list":{"0":"post-60017","1":"product","2":"type-product","3":"status-publish","4":"has-post-thumbnail","6":"product_cat-ciezarowe","7":"product_shipping_class-ciezarowe-duze-1szt","8":"pa_liczba-opon-w-ofercie-1-szt","9":"pa_marka-goodyear","10":"pa_model-fuelmax-s-hl-endurance","11":"pa_os-os-prowadzaca-f-s","12":"pa_profil-opony-53","13":"pa_srednica-22-5","14":"pa_stan-uzywany","15":"pa_szerokosc-opony-315-mm","17":"first","18":"instock","19":"taxable","20":"shipping-taxable","21":"purchasable","22":"product-type-simple"},"acf":[],"_links":{"self":[{"href":"https:\/\/konwit.pl\/ksawerow\/wp-json\/wp\/v2\/product\/60017","targetHints":{"allow":["GET"]}}],"collection":[{"href":"https:\/\/konwit.pl\/ksawerow\/wp-json\/wp\/v2\/product"}],"about":[{"href":"https:\/\/konwit.pl\/ksawerow\/wp-json\/wp\/v2\/types\/product"}],"wp:featuredmedia":[{"embeddable":true,"href":"https:\/\/konwit.pl\/ksawerow\/wp-json\/wp\/v2\/media\/60014"}],"wp:attachment":[{"href":"https:\/\/konwit.pl\/ksawerow\/wp-json\/wp\/v2\/media?parent=60017"}],"wp:term":[{"taxonomy":"product_brand","embeddable":true,"href":"https:\/\/konwit.pl\/ksawerow\/wp-json\/wp\/v2\/product_brand?post=60017"},{"taxonomy":"product_cat","embeddable":true,"href":"https:\/\/konwit.pl\/ksawerow\/wp-json\/wp\/v2\/product_cat?post=60017"},{"taxonomy":"product_tag","embeddable":true,"href":"https:\/\/konwit.pl\/ksawerow\/wp-json\/wp\/v2\/product_tag?post=60017"}],"curies":[{"name":"wp","href":"https:\/\/api.w.org\/{rel}","templated":true}]}}