{"id":63211,"date":"2025-01-29T14:16:46","date_gmt":"2025-01-29T13:16:46","guid":{"rendered":"https:\/\/konwit.pl\/ksawerow\/produkt\/315-70r225-goodyear-fuelmax-s-hl-endurance-9-10mm-2022rok-prowadzaca-t5648\/"},"modified":"2025-01-30T07:31:01","modified_gmt":"2025-01-30T06:31:01","slug":"315-70r225-goodyear-fuelmax-s-hl-endurance-9-10mm-2022rok-prowadzaca-t5648","status":"publish","type":"product","link":"https:\/\/konwit.pl\/ksawerow\/produkt\/315-70r225-goodyear-fuelmax-s-hl-endurance-9-10mm-2022rok-prowadzaca-t5648\/","title":{"rendered":"315\/70R22,5 GOODYEAR FUELMAX S HL ENDURANCE 9-10mm 2022rok PROWADZ\u0104CA T5648"},"content":{"rendered":"<h1>\u25b6\ufe0f OPONA PROWADZ\u0104CA<\/h1>\n<h1>GOODYEAR FUELMAX S HL ENDURANCE<\/h1>\n<h2>Rozmiar 315\/70R22,5<\/h2>\n<h1>Cena: brutto<\/h1>\n<h1>\u25b6\ufe0f Wysoko\u015b\u0107 bie\u017cnika, oko\u0142o: 9-10mm<\/h1>\n<ul>\n<li>DOT: <b>5022<\/b><\/li>\n<li>ID oferty: <b>T5648<\/b><\/li>\n<\/ul>\n<p><b>Gwarancja:<\/b><\/p>\n<p>Warunki zosta\u0142y opisane w zak\u0142adce <b>GWARANCJA<\/b><\/p>\n<h1>\u25b6\ufe0fOpona sprawdzona ci\u015bnieniowo.<\/h1>\n<p><b>OPONA POSIADA PROFESJONALNIE WYKONANE NAPRAWY BEZ WK\u0141AD\u00d3W NAPRAWCZYCH NA BOKU!<\/b><\/p>\n<p>\u25b6\ufe0f POSIADAMY WI\u0118CEJ TEGO TYPU OPON, PROSZ\u0118 SPRAWDZI\u0106 POZOSTA\u0141E OFERTY.<\/p>\n","protected":false},"excerpt":{"rendered":"<p>\u25b6\ufe0f OPONA PROWADZ\u0104CA GOODYEAR FUELMAX S HL ENDURANCE Rozmiar 315\/70R22,5 Cena: brutto \u25b6\ufe0f Wysoko\u015b\u0107 bie\u017cnika, oko\u0142o: 9-10mm DOT: 5022 ID oferty: T5648 Gwarancja: Warunki zosta\u0142y opisane w zak\u0142adce GWARANCJA \u25b6\ufe0fOpona sprawdzona ci\u015bnieniowo. OPONA POSIADA PROFESJONALNIE WYKONANE NAPRAWY BEZ WK\u0141AD\u00d3W NAPRAWCZYCH NA BOKU! \u25b6\ufe0f POSIADAMY WI\u0118CEJ TEGO TYPU OPON, PROSZ\u0118 SPRAWDZI\u0106 POZOSTA\u0141E OFERTY.<\/p>\n","protected":false},"featured_media":63209,"template":"","meta":{"_acf_changed":false,"_themeisle_gutenberg_block_has_review":false},"product_brand":[],"product_cat":[19],"product_tag":[],"class_list":{"0":"post-63211","1":"product","2":"type-product","3":"status-publish","4":"has-post-thumbnail","6":"product_cat-ciezarowe","7":"product_shipping_class-ciezarowe-duze-1szt","8":"pa_ean-6742","9":"pa_indeks-nosnosci-156-4000-kg","10":"pa_indeks-predkosci-l-do-120-km-h","11":"pa_informacje-dodatkowe-przyczepnosc-na-sniegu-3pmsf","12":"pa_kod-eprel-7393","13":"pa_kod-producenta-7392","14":"pa_liczba-opon-w-ofercie-1-szt","15":"pa_marka-goodyear","16":"pa_model-fuelmax-s-end-22-5","17":"pa_opor-toczenia-b","18":"pa_opor-toczenia-opony-wyproduk-klasa-b","19":"pa_os-os-prowadzaca-f-s","20":"pa_poziom-halasu-zewnetrznego-a","21":"pa_profil-opony-53","22":"pa_przeznaczenie-transport-daleki","23":"pa_przyczepnosc-na-mokrej-nawie-klasa-b","24":"pa_rodzaj-tl-bezdetkowe","25":"pa_sezon-caloroczne","26":"pa_srednica-22-5","27":"pa_stan-uzywany","28":"pa_szerokosc-opony-315-mm","30":"first","31":"instock","32":"taxable","33":"shipping-taxable","34":"purchasable","35":"product-type-simple"},"acf":[],"_links":{"self":[{"href":"https:\/\/konwit.pl\/ksawerow\/wp-json\/wp\/v2\/product\/63211","targetHints":{"allow":["GET"]}}],"collection":[{"href":"https:\/\/konwit.pl\/ksawerow\/wp-json\/wp\/v2\/product"}],"about":[{"href":"https:\/\/konwit.pl\/ksawerow\/wp-json\/wp\/v2\/types\/product"}],"wp:featuredmedia":[{"embeddable":true,"href":"https:\/\/konwit.pl\/ksawerow\/wp-json\/wp\/v2\/media\/63209"}],"wp:attachment":[{"href":"https:\/\/konwit.pl\/ksawerow\/wp-json\/wp\/v2\/media?parent=63211"}],"wp:term":[{"taxonomy":"product_brand","embeddable":true,"href":"https:\/\/konwit.pl\/ksawerow\/wp-json\/wp\/v2\/product_brand?post=63211"},{"taxonomy":"product_cat","embeddable":true,"href":"https:\/\/konwit.pl\/ksawerow\/wp-json\/wp\/v2\/product_cat?post=63211"},{"taxonomy":"product_tag","embeddable":true,"href":"https:\/\/konwit.pl\/ksawerow\/wp-json\/wp\/v2\/product_tag?post=63211"}],"curies":[{"name":"wp","href":"https:\/\/api.w.org\/{rel}","templated":true}]}}