{"id":65821,"date":"2025-04-09T11:27:14","date_gmt":"2025-04-09T09:27:14","guid":{"rendered":"https:\/\/konwit.pl\/ksawerow\/produkt\/265-70r195-hankook-smart-flex-th31-10-11mm-2022rok-naczepa-uzywana-u592\/"},"modified":"2025-04-10T14:26:33","modified_gmt":"2025-04-10T12:26:33","slug":"265-70r195-hankook-smart-flex-th31-10-11mm-2022rok-naczepa-uzywana-u592","status":"publish","type":"product","link":"https:\/\/konwit.pl\/ksawerow\/produkt\/265-70r195-hankook-smart-flex-th31-10-11mm-2022rok-naczepa-uzywana-u592\/","title":{"rendered":"265\/70R19,5 HANKOOK SMART FLEX TH31 10-11mm 2022rok! NACZEPA U\u017bYWANA (U592)"},"content":{"rendered":"<h1>\u25b6\ufe0f OPONA NACZEPOWA<\/h1>\n<h1>HANKOOK SMART FLEX TH31<\/h1>\n<h2>Rozmiar 265\/70R19,5<\/h2>\n<h1>Cena: brutto<\/h1>\n<h1>\u25b6\ufe0f Wysoko\u015b\u0107 bie\u017cnika, oko\u0142o: 10-11mm<\/h1>\n<ul>\n<li>DOT: <b>2822<\/b><\/li>\n<li>ID oferty:&nbsp;<b>U592<\/b><\/li>\n<\/ul>\n<p><b>Gwarancja:<\/b><\/p>\n<p>Warunki zosta\u0142y opisane w zak\u0142adce <b>GWARANCJA<\/b><\/p>\n<p><b>OPONA POSIADA PROFESJONALNIE WYKONAN\u0104 NAPRAW\u0118 OD STRONY CZO\u0141A BIE\u017bNIKA.<\/b><\/p>\n<h1>\u25b6\ufe0fOpona sprawdzona ci\u015bnieniowo.<\/h1>\n<p>\u25b6\ufe0f POSIADAMY WI\u0118CEJ TEGO TYPU OPON, PROSZ\u0118 SPRAWDZI\u0106 POZOSTA\u0141E OFERTY.<\/p>\n<p>\u25b6\ufe0f&nbsp;<b>Link do bazy EPREL (etykieta opony i dost\u0119p do karty informacyjnej):<\/b><\/p>\n<p>https:\/\/eprel.ec.europa.eu\/screen\/product\/tyres\/630719<\/p>\n","protected":false},"excerpt":{"rendered":"<p>\u25b6\ufe0f OPONA NACZEPOWA HANKOOK SMART FLEX TH31 Rozmiar 265\/70R19,5 Cena: brutto \u25b6\ufe0f Wysoko\u015b\u0107 bie\u017cnika, oko\u0142o: 10-11mm DOT: 2822 ID oferty:&nbsp;U592 Gwarancja: Warunki zosta\u0142y opisane w zak\u0142adce GWARANCJA OPONA POSIADA PROFESJONALNIE WYKONAN\u0104 NAPRAW\u0118 OD STRONY CZO\u0141A BIE\u017bNIKA. \u25b6\ufe0fOpona sprawdzona ci\u015bnieniowo. \u25b6\ufe0f POSIADAMY WI\u0118CEJ TEGO TYPU OPON, PROSZ\u0118 SPRAWDZI\u0106 POZOSTA\u0141E OFERTY. \u25b6\ufe0f&nbsp;Link do bazy EPREL (etykieta opony [&hellip;]<\/p>\n","protected":false},"featured_media":65818,"template":"","meta":{"_acf_changed":false,"_themeisle_gutenberg_block_has_review":false},"product_brand":[],"product_cat":[19],"product_tag":[],"class_list":{"0":"post-65821","1":"product","2":"type-product","3":"status-publish","4":"has-post-thumbnail","6":"product_cat-ciezarowe","7":"product_shipping_class-ciezarowe-duze-1szt","8":"pa_ean-6777","9":"pa_halas-zewnetrzny-3393","10":"pa_indeks-nosnosci-143-141-2725-2575-kg","11":"pa_indeks-predkosci-j-do-100-km-h","12":"pa_kod-eprel-8417","13":"pa_kod-producenta-8416","14":"pa_liczba-opon-w-ofercie-1-szt","15":"pa_marka-hankook","16":"pa_model-smart-flex-th31","17":"pa_opor-toczenia-c","18":"pa_opor-toczenia-opony-wyproduk-klasa-c","19":"pa_os-os-naczepowa-t","20":"pa_poziom-halasu-zewnetrznego-b","21":"pa_profil-opony-53","22":"pa_przeznaczenie-transport-daleki","23":"pa_przyczepnosc-na-mokrej-nawie-klasa-c","24":"pa_rodzaj-tl-bezdetkowe","25":"pa_sezon-caloroczne","26":"pa_srednica-19-5","27":"pa_stan-uzywany","28":"pa_szerokosc-opony-265-mm","30":"first","31":"instock","32":"taxable","33":"shipping-taxable","34":"purchasable","35":"product-type-simple"},"acf":[],"_links":{"self":[{"href":"https:\/\/konwit.pl\/ksawerow\/wp-json\/wp\/v2\/product\/65821","targetHints":{"allow":["GET"]}}],"collection":[{"href":"https:\/\/konwit.pl\/ksawerow\/wp-json\/wp\/v2\/product"}],"about":[{"href":"https:\/\/konwit.pl\/ksawerow\/wp-json\/wp\/v2\/types\/product"}],"wp:featuredmedia":[{"embeddable":true,"href":"https:\/\/konwit.pl\/ksawerow\/wp-json\/wp\/v2\/media\/65818"}],"wp:attachment":[{"href":"https:\/\/konwit.pl\/ksawerow\/wp-json\/wp\/v2\/media?parent=65821"}],"wp:term":[{"taxonomy":"product_brand","embeddable":true,"href":"https:\/\/konwit.pl\/ksawerow\/wp-json\/wp\/v2\/product_brand?post=65821"},{"taxonomy":"product_cat","embeddable":true,"href":"https:\/\/konwit.pl\/ksawerow\/wp-json\/wp\/v2\/product_cat?post=65821"},{"taxonomy":"product_tag","embeddable":true,"href":"https:\/\/konwit.pl\/ksawerow\/wp-json\/wp\/v2\/product_tag?post=65821"}],"curies":[{"name":"wp","href":"https:\/\/api.w.org\/{rel}","templated":true}]}}