{"id":65990,"date":"2025-04-09T11:30:57","date_gmt":"2025-04-09T09:30:57","guid":{"rendered":"https:\/\/konwit.pl\/ksawerow\/produkt\/245-70r175-kumho-krt03a-9-10mm-naczepowa-naczepa-uzywana-opona-p647\/"},"modified":"2025-04-10T14:20:09","modified_gmt":"2025-04-10T12:20:09","slug":"245-70r175-kumho-krt03a-9-10mm-naczepowa-naczepa-uzywana-opona-p647","status":"publish","type":"product","link":"https:\/\/konwit.pl\/ksawerow\/produkt\/245-70r175-kumho-krt03a-9-10mm-naczepowa-naczepa-uzywana-opona-p647\/","title":{"rendered":"245\/70R17,5 KUMHO KRT03a 9-10mm! NACZEPOWA NACZEPA U\u017bYWANA OPONA (P647)"},"content":{"rendered":"<h1>\u25b6\ufe0f OPONA NACZEPOWA<\/h1>\n<h1>KUMHO KRT03a<\/h1>\n<h2>Rozmiar 245\/70R17,5<\/h2>\n<h1>Cena: brutto<\/h1>\n<h1>\u25b6\ufe0f Wysoko\u015b\u0107 bie\u017cnika, oko\u0142o: 9-10mm<\/h1>\n<ul>\n<li>DOT: <b>0920<\/b><\/li>\n<li>ID oferty: <b>P647<\/b><\/li>\n<\/ul>\n<p><b>Gwarancja:<\/b><\/p>\n<p>Warunki zosta\u0142y opisane w zak\u0142adce <b>GWARANCJA<\/b><\/p>\n<p><b>OPONA POSIADA PROFESJONALNIE WYKONANE NAPRAWY BEZ WK\u0141AD\u00d3W NAPRAWCZYCH NA BOKU!<\/b><\/p>\n<h1>\u25b6\ufe0fOpona sprawdzona ci\u015bnieniowo.<\/h1>\n<p>\u25b6\ufe0f POSIADAMY WI\u0118CEJ TEGO TYPU OPON, PROSZ\u0118 SPRAWDZI\u0106 POZOSTA\u0141E OFERTY.<\/p>\n<p>\u25b6\ufe0f&nbsp;<b>Link do bazy EPREL (etykieta opony i dost\u0119p do karty informacyjnej):<\/b><\/p>\n<p>https:\/\/eprel.ec.europa.eu\/screen\/product\/tyres\/458704<\/p>\n","protected":false},"excerpt":{"rendered":"<p>\u25b6\ufe0f OPONA NACZEPOWA KUMHO KRT03a Rozmiar 245\/70R17,5 Cena: brutto \u25b6\ufe0f Wysoko\u015b\u0107 bie\u017cnika, oko\u0142o: 9-10mm DOT: 0920 ID oferty: P647 Gwarancja: Warunki zosta\u0142y opisane w zak\u0142adce GWARANCJA OPONA POSIADA PROFESJONALNIE WYKONANE NAPRAWY BEZ WK\u0141AD\u00d3W NAPRAWCZYCH NA BOKU! \u25b6\ufe0fOpona sprawdzona ci\u015bnieniowo. \u25b6\ufe0f POSIADAMY WI\u0118CEJ TEGO TYPU OPON, PROSZ\u0118 SPRAWDZI\u0106 POZOSTA\u0141E OFERTY. \u25b6\ufe0f&nbsp;Link do bazy EPREL (etykieta opony [&hellip;]<\/p>\n","protected":false},"featured_media":65987,"template":"","meta":{"_acf_changed":false,"_themeisle_gutenberg_block_has_review":false},"product_brand":[],"product_cat":[19],"product_tag":[],"class_list":{"0":"post-65990","1":"product","2":"type-product","3":"status-publish","4":"has-post-thumbnail","6":"product_cat-ciezarowe","7":"product_shipping_class-ciezarowe-duze-1szt","8":"pa_ean-8468","9":"pa_halas-zewnetrzny-4789","10":"pa_indeks-nosnosci-143-141-2725-2575-kg","11":"pa_indeks-predkosci-j-do-100-km-h","12":"pa_kod-eprel-8470","13":"pa_kod-producenta-8469","14":"pa_liczba-opon-w-ofercie-1-szt","15":"pa_marka-kumho","16":"pa_model-krt03","17":"pa_opor-toczenia-d","18":"pa_opor-toczenia-opony-wyproduk-klasa-b","19":"pa_os-os-naczepowa-t","20":"pa_poziom-halasu-zewnetrznego-b","21":"pa_profil-opony-53","22":"pa_przeznaczenie-transport-regionalny","23":"pa_przyczepnosc-na-mokrej-nawie-klasa-d","24":"pa_rodzaj-tl-bezdetkowe","25":"pa_sezon-letnie","26":"pa_srednica-17-5","27":"pa_stan-uzywany","28":"pa_szerokosc-opony-245-mm","30":"first","31":"instock","32":"taxable","33":"shipping-taxable","34":"purchasable","35":"product-type-simple"},"acf":[],"_links":{"self":[{"href":"https:\/\/konwit.pl\/ksawerow\/wp-json\/wp\/v2\/product\/65990","targetHints":{"allow":["GET"]}}],"collection":[{"href":"https:\/\/konwit.pl\/ksawerow\/wp-json\/wp\/v2\/product"}],"about":[{"href":"https:\/\/konwit.pl\/ksawerow\/wp-json\/wp\/v2\/types\/product"}],"wp:featuredmedia":[{"embeddable":true,"href":"https:\/\/konwit.pl\/ksawerow\/wp-json\/wp\/v2\/media\/65987"}],"wp:attachment":[{"href":"https:\/\/konwit.pl\/ksawerow\/wp-json\/wp\/v2\/media?parent=65990"}],"wp:term":[{"taxonomy":"product_brand","embeddable":true,"href":"https:\/\/konwit.pl\/ksawerow\/wp-json\/wp\/v2\/product_brand?post=65990"},{"taxonomy":"product_cat","embeddable":true,"href":"https:\/\/konwit.pl\/ksawerow\/wp-json\/wp\/v2\/product_cat?post=65990"},{"taxonomy":"product_tag","embeddable":true,"href":"https:\/\/konwit.pl\/ksawerow\/wp-json\/wp\/v2\/product_tag?post=65990"}],"curies":[{"name":"wp","href":"https:\/\/api.w.org\/{rel}","templated":true}]}}