{"id":68888,"date":"2025-05-23T12:37:29","date_gmt":"2025-05-23T10:37:29","guid":{"rendered":"https:\/\/konwit.pl\/ksawerow\/produkt\/225-75r17-5-goodyear-kmax-d-naped-komplet-opon-napedowych-tyl-pk059a\/"},"modified":"2025-05-23T13:10:44","modified_gmt":"2025-05-23T11:10:44","slug":"225-75r17-5-goodyear-kmax-d-naped-komplet-opon-napedowych-tyl-pk059a","status":"publish","type":"product","link":"https:\/\/konwit.pl\/ksawerow\/produkt\/225-75r17-5-goodyear-kmax-d-naped-komplet-opon-napedowych-tyl-pk059a\/","title":{"rendered":"225\/75R17.5 GOODYEAR KMAX D NAP\u0118D KOMPLET OPON NAP\u0118DOWYCH TY\u0141 (PK059A)"},"content":{"rendered":"<h1>\u25b6\ufe0f KOMPLET OPON NAP\u0118DOWYCH<\/h1>\n<h1>GOODYEAR KMAX D<\/h1>\n<h2>Rozmiar 225\/75R17.5<\/h2>\n<h1>Cena: brutto<\/h1>\n<h1>\u25b6\ufe0f Wysoko\u015b\u0107 bie\u017cnika, oko\u0142o: 7mm dla wszystkich opon &#8211; MIERZONE W ZEWN\u0118TRZYCH ROWKACH<\/h1>\n<ul>\n<li>DOT: <b>1319, 1918, 1919, 1919<\/b><\/li>\n<li>ID oferty: <b>PK059<\/b><\/li>\n<\/ul>\n<p><b>Gwarancja:<\/b><\/p>\n<p>Warunki zosta\u0142y opisane w zak\u0142adce <b>GWARANCJA<\/b><\/p>\n<p><b>OPONY POSIADAJ\u0104 PROFESJONALNIE WYKONANE NAPRAWY BEZ WK\u0141AD\u00d3W NAPRAWCZYCH NA BOKU!<\/b><\/p>\n<p><b>&#8212;&#8212;&#8212;&#8212;&#8212;&#8212;&#8212;&#8212;&#8212;&#8212;&#8212;&#8212;&#8212;&#8212;&#8212;<\/b><\/p>\n<p><b>Od wielu lat jeste\u015bmy liderem w dziedzinie naprawy opon, co potwierdzaj\u0105 uzyskiwane przez nas od lat Certyfikaty nadawane przez Polskie Centrum Bada\u0144 i Certyfikacji SA. Wysoka jako\u015b\u0107 naszych us\u0142ug pozwala nam obj\u0105\u0107 wszystkie naprawiane przez nas opony gwarancj\u0105 rozruchow\u0105.<\/b><\/p>\n<h1>\u25b6\ufe0fOpony sprawdzone ci\u015bnieniowo.<\/h1>\n<p>\u25b6\ufe0f POSIADAMY WI\u0118CEJ TEGO TYPU OPON, PROSZ\u0118 SPRAWDZI\u0106 POZOSTA\u0141E OFERTY.<\/p>\n<p>\u25b6\ufe0f&nbsp;<b>Link do bazy EPREL (etykieta opony i dost\u0119p do karty informacyjnej):<\/b><\/p>\n<p>https:\/\/eprel.ec.europa.eu\/screen\/product\/tyres\/1012691<\/p>\n","protected":false},"excerpt":{"rendered":"<p>\u25b6\ufe0f KOMPLET OPON NAP\u0118DOWYCH GOODYEAR KMAX D Rozmiar 225\/75R17.5 Cena: brutto \u25b6\ufe0f Wysoko\u015b\u0107 bie\u017cnika, oko\u0142o: 7mm dla wszystkich opon &#8211; MIERZONE W ZEWN\u0118TRZYCH ROWKACH DOT: 1319, 1918, 1919, 1919 ID oferty: PK059 Gwarancja: Warunki zosta\u0142y opisane w zak\u0142adce GWARANCJA OPONY POSIADAJ\u0104 PROFESJONALNIE WYKONANE NAPRAWY BEZ WK\u0141AD\u00d3W NAPRAWCZYCH NA BOKU! &#8212;&#8212;&#8212;&#8212;&#8212;&#8212;&#8212;&#8212;&#8212;&#8212;&#8212;&#8212;&#8212;&#8212;&#8212; Od wielu lat jeste\u015bmy liderem [&hellip;]<\/p>\n","protected":false},"featured_media":68880,"template":"","meta":{"_acf_changed":false,"_themeisle_gutenberg_block_has_review":false},"product_brand":[],"product_cat":[19],"product_tag":[],"class_list":{"0":"post-68888","1":"product","2":"type-product","3":"status-publish","4":"has-post-thumbnail","6":"product_cat-ciezarowe","7":"product_shipping_class-ciezarowe-duze-2szt","8":"pa_ean-6407","9":"pa_halas-zewnetrzny-4789","10":"pa_indeks-nosnosci-129-1850-kg","11":"pa_indeks-predkosci-m-do-130-km-h","12":"pa_informacje-dodatkowe-przyczepnosc-na-sniegu-3pmsf","13":"pa_kod-eprel-8971","14":"pa_kod-producenta-8970","15":"pa_liczba-opon-w-ofercie-4-szt","16":"pa_marka-goodyear","17":"pa_model-kmax-d-17-5","18":"pa_opor-toczenia-d","19":"pa_opor-toczenia-opony-wyproduk-klasa-d","20":"pa_os-os-napedowa-d","21":"pa_poziom-halasu-zewnetrznego-a","22":"pa_profil-opony-88","23":"pa_przeznaczenie-transport-regionalny","24":"pa_przyczepnosc-na-mokrej-nawie-klasa-c","25":"pa_rodzaj-tl-bezdetkowe","26":"pa_sezon-caloroczne","27":"pa_srednica-17-5","28":"pa_stan-uzywany","29":"pa_szerokosc-opony-225-mm","31":"first","32":"instock","33":"taxable","34":"shipping-taxable","35":"purchasable","36":"product-type-simple"},"acf":[],"_links":{"self":[{"href":"https:\/\/konwit.pl\/ksawerow\/wp-json\/wp\/v2\/product\/68888","targetHints":{"allow":["GET"]}}],"collection":[{"href":"https:\/\/konwit.pl\/ksawerow\/wp-json\/wp\/v2\/product"}],"about":[{"href":"https:\/\/konwit.pl\/ksawerow\/wp-json\/wp\/v2\/types\/product"}],"wp:featuredmedia":[{"embeddable":true,"href":"https:\/\/konwit.pl\/ksawerow\/wp-json\/wp\/v2\/media\/68880"}],"wp:attachment":[{"href":"https:\/\/konwit.pl\/ksawerow\/wp-json\/wp\/v2\/media?parent=68888"}],"wp:term":[{"taxonomy":"product_brand","embeddable":true,"href":"https:\/\/konwit.pl\/ksawerow\/wp-json\/wp\/v2\/product_brand?post=68888"},{"taxonomy":"product_cat","embeddable":true,"href":"https:\/\/konwit.pl\/ksawerow\/wp-json\/wp\/v2\/product_cat?post=68888"},{"taxonomy":"product_tag","embeddable":true,"href":"https:\/\/konwit.pl\/ksawerow\/wp-json\/wp\/v2\/product_tag?post=68888"}],"curies":[{"name":"wp","href":"https:\/\/api.w.org\/{rel}","templated":true}]}}