{"id":70394,"date":"2025-07-11T13:47:29","date_gmt":"2025-07-11T11:47:29","guid":{"rendered":"https:\/\/konwit.pl\/ksawerow\/produkt\/opona-ciezarowa-215-75r17-5-continental-conti-hybrid-ls3-7mm-przod-p737\/"},"modified":"2025-07-11T15:00:04","modified_gmt":"2025-07-11T13:00:04","slug":"opona-ciezarowa-215-75r17-5-continental-conti-hybrid-ls3-7mm-przod-p737","status":"publish","type":"product","link":"https:\/\/konwit.pl\/ksawerow\/produkt\/opona-ciezarowa-215-75r17-5-continental-conti-hybrid-ls3-7mm-przod-p737\/","title":{"rendered":"Opona ci\u0119\u017carowa 215\/75R17.5 CONTINENTAL CONTI HYBRID LS3 7mm PRZ\u00d3D (P737)"},"content":{"rendered":"<h1>\u25b6\ufe0f OPONA PRZODOWA<\/h1>\n<h1>CONTINENTAL CONTI HYBRID LS3<\/h1>\n<h2>Rozmiar 215\/75R17.5<\/h2>\n<h1>Cena: brutto<\/h1>\n<h1>\u25b6\ufe0f Wysoko\u015b\u0107 bie\u017cnika, oko\u0142o: 7mm<\/h1>\n<ul>\n<li>DOT: <b>1317<\/b><\/li>\n<li>ID oferty: <b>P737<\/b><\/li>\n<\/ul>\n<p><b>Gwarancja:<\/b><\/p>\n<p>Warunki zosta\u0142y opisane w zak\u0142adce <b>GWARANCJA<\/b><\/p>\n<p><b>OPONA POSIADA PROFESJONALNIE WYKONAN\u0104 KOSMETYCZN\u0104 NAPRAW\u0118.<\/b><\/p>\n<p><b>&#8212;&#8212;&#8212;&#8212;&#8212;&#8212;&#8212;&#8212;&#8212;&#8212;&#8212;&#8212;&#8212;&#8212;&#8212;<\/b><\/p>\n<p><b>Od wielu lat jeste\u015bmy liderem w dziedzinie naprawy opon, co potwierdzaj\u0105 uzyskiwane przez nas od lat Certyfikaty nadawane przez Polskie Centrum Bada\u0144 i Certyfikacji SA. Wysoka jako\u015b\u0107 naszych us\u0142ug pozwala nam obj\u0105\u0107 wszystkie naprawiane przez nas opony gwarancj\u0105 rozruchow\u0105.<\/b><\/p>\n<h1>\u25b6\ufe0fKa\u017cda z opon jest sprawdzona ci\u015bnieniowo.<\/h1>\n<p>\u25b6\ufe0f POSIADAMY WI\u0118CEJ TEGO TYPU OPON, PROSZ\u0118 SPRAWDZI\u0106 POZOSTA\u0141E OFERTY.<\/p>\n<p>\u25b6\ufe0f&nbsp;<b>Link do bazy EPREL (etykieta opony i dost\u0119p do karty informacyjnej):<\/b><\/p>\n<p>https:\/\/eprel.ec.europa.eu\/screen\/product\/tyres\/1421701<\/p>\n","protected":false},"excerpt":{"rendered":"<p>\u25b6\ufe0f OPONA PRZODOWA CONTINENTAL CONTI HYBRID LS3 Rozmiar 215\/75R17.5 Cena: brutto \u25b6\ufe0f Wysoko\u015b\u0107 bie\u017cnika, oko\u0142o: 7mm DOT: 1317 ID oferty: P737 Gwarancja: Warunki zosta\u0142y opisane w zak\u0142adce GWARANCJA OPONA POSIADA PROFESJONALNIE WYKONAN\u0104 KOSMETYCZN\u0104 NAPRAW\u0118. &#8212;&#8212;&#8212;&#8212;&#8212;&#8212;&#8212;&#8212;&#8212;&#8212;&#8212;&#8212;&#8212;&#8212;&#8212; Od wielu lat jeste\u015bmy liderem w dziedzinie naprawy opon, co potwierdzaj\u0105 uzyskiwane przez nas od lat Certyfikaty nadawane przez Polskie [&hellip;]<\/p>\n","protected":false},"featured_media":70391,"template":"","meta":{"_acf_changed":false,"_themeisle_gutenberg_block_has_review":false},"product_brand":[],"product_cat":[19],"product_tag":[],"class_list":{"0":"post-70394","1":"product","2":"type-product","3":"status-publish","4":"has-post-thumbnail","6":"product_cat-ciezarowe","7":"product_shipping_class-ciezarowe-duze-1szt","8":"pa_ean-9030","9":"pa_indeks-nosnosci-126-124-1700-1600-kg","10":"pa_indeks-predkosci-m-do-130-km-h","11":"pa_informacje-dodatkowe-przyczepnosc-na-sniegu-3pmsf","12":"pa_kod-producenta-opony-215-75r17-5","13":"pa_liczba-opon-w-ofercie-1-szt","14":"pa_marka-continental","15":"pa_model-conti-hybrid-ls3","16":"pa_opor-toczenia-d","17":"pa_opor-toczenia-opony-wyproduk-klasa-d","18":"pa_os-os-napedowa-d","19":"pa_poziom-halasu-zewnetrznego-b","20":"pa_profil-opony-88","21":"pa_przeznaczenie-transport-daleki","22":"pa_przeznaczenie-transport-mieszany","23":"pa_przyczepnosc-na-mokrej-nawie-klasa-c","24":"pa_rodzaj-tl-bezdetkowe","25":"pa_sezon-caloroczne","26":"pa_srednica-17-5","27":"pa_stan-uzywany","28":"pa_szerokosc-opony-215-mm","30":"first","31":"instock","32":"taxable","33":"shipping-taxable","34":"purchasable","35":"product-type-simple"},"acf":[],"_links":{"self":[{"href":"https:\/\/konwit.pl\/ksawerow\/wp-json\/wp\/v2\/product\/70394","targetHints":{"allow":["GET"]}}],"collection":[{"href":"https:\/\/konwit.pl\/ksawerow\/wp-json\/wp\/v2\/product"}],"about":[{"href":"https:\/\/konwit.pl\/ksawerow\/wp-json\/wp\/v2\/types\/product"}],"wp:featuredmedia":[{"embeddable":true,"href":"https:\/\/konwit.pl\/ksawerow\/wp-json\/wp\/v2\/media\/70391"}],"wp:attachment":[{"href":"https:\/\/konwit.pl\/ksawerow\/wp-json\/wp\/v2\/media?parent=70394"}],"wp:term":[{"taxonomy":"product_brand","embeddable":true,"href":"https:\/\/konwit.pl\/ksawerow\/wp-json\/wp\/v2\/product_brand?post=70394"},{"taxonomy":"product_cat","embeddable":true,"href":"https:\/\/konwit.pl\/ksawerow\/wp-json\/wp\/v2\/product_cat?post=70394"},{"taxonomy":"product_tag","embeddable":true,"href":"https:\/\/konwit.pl\/ksawerow\/wp-json\/wp\/v2\/product_tag?post=70394"}],"curies":[{"name":"wp","href":"https:\/\/api.w.org\/{rel}","templated":true}]}}