{"id":73632,"date":"2025-09-11T08:27:03","date_gmt":"2025-09-11T06:27:03","guid":{"rendered":"https:\/\/konwit.pl\/ksawerow\/produkt\/245-70r17-5-continental-conti-hybrid-ls3-10-11mm-2021-przod-ciezarowa-p738\/"},"modified":"2025-09-11T09:56:10","modified_gmt":"2025-09-11T07:56:10","slug":"245-70r17-5-continental-conti-hybrid-ls3-10-11mm-2021-przod-ciezarowa-p738","status":"publish","type":"product","link":"https:\/\/konwit.pl\/ksawerow\/produkt\/245-70r17-5-continental-conti-hybrid-ls3-10-11mm-2021-przod-ciezarowa-p738\/","title":{"rendered":"245\/70R17.5 CONTINENTAL CONTI HYBRID LS3 10-11mm 2021 PRZ\u00d3D CI\u0118\u017bAROWA P738"},"content":{"rendered":"<h1>\u25b6\ufe0f OPONA PROWADZ\u0104CA<\/h1>\n<h1>CONTINENTAL CONTI HYBRID LS3<\/h1>\n<h2>Rozmiar 245\/70R17.5<\/h2>\n<h1>Cena: brutto<\/h1>\n<h1>\u25b6\ufe0f Wysoko\u015b\u0107 bie\u017cnika, oko\u0142o: 10-11mm<\/h1>\n<ul>\n<li>DOT: <b>5021<\/b><\/li>\n<li>ID oferty: <b>p738<\/b><\/li>\n<\/ul>\n<p><b>Gwarancja:<\/b><\/p>\n<p>Warunki zosta\u0142y opisane w zak\u0142adce <b>GWARANCJA<\/b><\/p>\n<p><b>OPONA POSIADA PROFESJONALNIE WYKONAN\u0104 NAPRAW\u0118 &#8211; wk\u0142ad naprawczy na barku<\/b><\/p>\n<p><b>&#8212;&#8212;&#8212;&#8212;&#8212;&#8212;&#8212;&#8212;&#8212;&#8212;&#8212;&#8212;&#8212;&#8212;&#8212;<\/b><\/p>\n<p><b>Od wielu lat jeste\u015bmy liderem w dziedzinie naprawy opon, co potwierdzaj\u0105 uzyskiwane przez nas od lat Certyfikaty nadawane przez Polskie Centrum Bada\u0144 i Certyfikacji SA. Wysoka jako\u015b\u0107 naszych us\u0142ug pozwala nam obj\u0105\u0107 wszystkie naprawiane przez nas opony gwarancj\u0105 rozruchow\u0105.<\/b><\/p>\n<h1>\u25b6\ufe0fKa\u017cda z opon jest sprawdzona ci\u015bnieniowo.<\/h1>\n<p>\u25b6\ufe0f POSIADAMY WI\u0118CEJ TEGO TYPU OPON, PROSZ\u0118 SPRAWDZI\u0106 POZOSTA\u0141E OFERTY.<\/p>\n<p>\u25b6\ufe0f&nbsp;<b>Link do bazy EPREL (etykieta opony i dost\u0119p do karty informacyjnej):<\/b><\/p>\n<p>https:\/\/eprel.ec.europa.eu\/screen\/product\/tyres\/481248<\/p>\n","protected":false},"excerpt":{"rendered":"<p>\u25b6\ufe0f OPONA PROWADZ\u0104CA CONTINENTAL CONTI HYBRID LS3 Rozmiar 245\/70R17.5 Cena: brutto \u25b6\ufe0f Wysoko\u015b\u0107 bie\u017cnika, oko\u0142o: 10-11mm DOT: 5021 ID oferty: p738 Gwarancja: Warunki zosta\u0142y opisane w zak\u0142adce GWARANCJA OPONA POSIADA PROFESJONALNIE WYKONAN\u0104 NAPRAW\u0118 &#8211; wk\u0142ad naprawczy na barku &#8212;&#8212;&#8212;&#8212;&#8212;&#8212;&#8212;&#8212;&#8212;&#8212;&#8212;&#8212;&#8212;&#8212;&#8212; Od wielu lat jeste\u015bmy liderem w dziedzinie naprawy opon, co potwierdzaj\u0105 uzyskiwane przez nas od lat [&hellip;]<\/p>\n","protected":false},"featured_media":73628,"template":"","meta":{"_acf_changed":false,"_themeisle_gutenberg_block_has_review":false},"product_brand":[],"product_cat":[19],"product_tag":[],"class_list":{"0":"post-73632","1":"product","2":"type-product","3":"status-publish","4":"has-post-thumbnail","6":"product_cat-ciezarowe","7":"product_shipping_class-ciezarowe-duze-1szt","8":"pa_ean-9496","9":"pa_halas-zewnetrzny-5533","10":"pa_indeks-nosnosci-136-2240-kg","11":"pa_indeks-predkosci-m-do-130-km-h","12":"pa_informacje-dodatkowe-przyczepnosc-na-sniegu-3pmsf","13":"pa_kod-eprel-9498","14":"pa_kod-producenta-9497","15":"pa_liczba-opon-w-ofercie-1-szt","16":"pa_marka-continental","17":"pa_model-ls3-hybrid-17-5","18":"pa_opor-toczenia-c","19":"pa_opor-toczenia-opony-wyproduk-klasa-c","20":"pa_os-os-prowadzaca-f-s","21":"pa_poziom-halasu-zewnetrznego-a","22":"pa_profil-opony-53","23":"pa_przeznaczenie-transport-daleki","24":"pa_przyczepnosc-na-mokrej-nawie-klasa-b","25":"pa_rodzaj-tl-bezdetkowe","26":"pa_sezon-caloroczne","27":"pa_srednica-17-5","28":"pa_stan-uzywany","29":"pa_szerokosc-opony-245-mm","31":"first","32":"instock","33":"taxable","34":"shipping-taxable","35":"purchasable","36":"product-type-simple"},"acf":[],"_links":{"self":[{"href":"https:\/\/konwit.pl\/ksawerow\/wp-json\/wp\/v2\/product\/73632","targetHints":{"allow":["GET"]}}],"collection":[{"href":"https:\/\/konwit.pl\/ksawerow\/wp-json\/wp\/v2\/product"}],"about":[{"href":"https:\/\/konwit.pl\/ksawerow\/wp-json\/wp\/v2\/types\/product"}],"wp:featuredmedia":[{"embeddable":true,"href":"https:\/\/konwit.pl\/ksawerow\/wp-json\/wp\/v2\/media\/73628"}],"wp:attachment":[{"href":"https:\/\/konwit.pl\/ksawerow\/wp-json\/wp\/v2\/media?parent=73632"}],"wp:term":[{"taxonomy":"product_brand","embeddable":true,"href":"https:\/\/konwit.pl\/ksawerow\/wp-json\/wp\/v2\/product_brand?post=73632"},{"taxonomy":"product_cat","embeddable":true,"href":"https:\/\/konwit.pl\/ksawerow\/wp-json\/wp\/v2\/product_cat?post=73632"},{"taxonomy":"product_tag","embeddable":true,"href":"https:\/\/konwit.pl\/ksawerow\/wp-json\/wp\/v2\/product_tag?post=73632"}],"curies":[{"name":"wp","href":"https:\/\/api.w.org\/{rel}","templated":true}]}}