{"id":75172,"date":"2025-09-11T09:14:34","date_gmt":"2025-09-11T07:14:34","guid":{"rendered":"https:\/\/konwit.pl\/ksawerow\/produkt\/205-65r175-goodyear-kmax-t-8-10mm-2024rok-naczepa-naczepowa-p658\/"},"modified":"2025-09-11T09:37:58","modified_gmt":"2025-09-11T07:37:58","slug":"205-65r175-goodyear-kmax-t-8-10mm-2024rok-naczepa-naczepowa-p658","status":"publish","type":"product","link":"https:\/\/konwit.pl\/ksawerow\/produkt\/205-65r175-goodyear-kmax-t-8-10mm-2024rok-naczepa-naczepowa-p658\/","title":{"rendered":"205\/65R17,5 GOODYEAR KMAX T 8-10mm!! 2024rok! NACZEPA NACZEPOWA (P658)"},"content":{"rendered":"<h1>\u25b6\ufe0f OPONA NACZEPOWA<\/h1>\n<h1>GOODYEAR KMAX T<\/h1>\n<h2>Rozmiar 205\/65R17,5<\/h2>\n<h1>Cena: brutto<\/h1>\n<h1>\u25b6\ufe0f Wysoko\u015b\u0107 bie\u017cnika, oko\u0142o: 8,5-10mm<\/h1>\n<ul>\n<li>DOT: <b>0824<\/b><\/li>\n<li>ID oferty: <b>P658<\/b><\/li>\n<\/ul>\n<p><b>Gwarancja:<\/b><\/p>\n<p>Warunki zosta\u0142y opisane w zak\u0142adce <b>GWARANCJA<\/b><\/p>\n<p><b>OPONA POSIADA PROFESJONALNIE WYKONAN\u0104 NAPRAW\u0118.<\/b><\/p>\n<h1>\u25b6\ufe0fOpona sprawdzona ci\u015bnieniowo.<\/h1>\n<p>\u25b6\ufe0f POSIADAMY WI\u0118CEJ TEGO TYPU OPON, PROSZ\u0118 SPRAWDZI\u0106 POZOSTA\u0141E OFERTY.<\/p>\n<p>\u25b6\ufe0f&nbsp;<b>Link do bazy EPREL (etykieta opony i dost\u0119p do karty informacyjnej):<\/b><\/p>\n<p>https:\/\/eprel.ec.europa.eu\/screen\/product\/tyres\/1222089<\/p>\n","protected":false},"excerpt":{"rendered":"<p>\u25b6\ufe0f OPONA NACZEPOWA GOODYEAR KMAX T Rozmiar 205\/65R17,5 Cena: brutto \u25b6\ufe0f Wysoko\u015b\u0107 bie\u017cnika, oko\u0142o: 8,5-10mm DOT: 0824 ID oferty: P658 Gwarancja: Warunki zosta\u0142y opisane w zak\u0142adce GWARANCJA OPONA POSIADA PROFESJONALNIE WYKONAN\u0104 NAPRAW\u0118. \u25b6\ufe0fOpona sprawdzona ci\u015bnieniowo. \u25b6\ufe0f POSIADAMY WI\u0118CEJ TEGO TYPU OPON, PROSZ\u0118 SPRAWDZI\u0106 POZOSTA\u0141E OFERTY. \u25b6\ufe0f&nbsp;Link do bazy EPREL (etykieta opony i dost\u0119p do karty [&hellip;]<\/p>\n","protected":false},"featured_media":75169,"template":"","meta":{"_acf_changed":false,"_themeisle_gutenberg_block_has_review":false},"product_brand":[],"product_cat":[19],"product_tag":[],"class_list":{"0":"post-75172","1":"product","2":"type-product","3":"status-publish","4":"has-post-thumbnail","6":"product_cat-ciezarowe","7":"product_shipping_class-osobowe-1-paczka","8":"pa_ean-8457","9":"pa_halas-zewnetrzny-3574","10":"pa_indeks-nosnosci-132-2000-kg","11":"pa_indeks-predkosci-j-do-100-km-h","12":"pa_informacje-dodatkowe-przyczepnosc-na-sniegu-3pmsf","13":"pa_kod-eprel-8459","14":"pa_kod-producenta-8458","15":"pa_liczba-opon-w-ofercie-1-szt","16":"pa_marka-goodyear","17":"pa_model-kmax-t-17-5","18":"pa_opor-toczenia-c","19":"pa_opor-toczenia-opony-wyproduk-klasa-c","20":"pa_poziom-halasu-zewnetrznego-a","21":"pa_profil-opony-26","22":"pa_przeznaczenie-transport-mieszany","23":"pa_przyczepnosc-na-mokrej-nawie-klasa-c","24":"pa_rodzaj-tl-bezdetkowe","25":"pa_sezon-caloroczne","26":"pa_srednica-17-5","27":"pa_stan-uzywany","28":"pa_szerokosc-opony-205-mm","30":"first","31":"instock","32":"taxable","33":"shipping-taxable","34":"purchasable","35":"product-type-simple"},"acf":[],"_links":{"self":[{"href":"https:\/\/konwit.pl\/ksawerow\/wp-json\/wp\/v2\/product\/75172","targetHints":{"allow":["GET"]}}],"collection":[{"href":"https:\/\/konwit.pl\/ksawerow\/wp-json\/wp\/v2\/product"}],"about":[{"href":"https:\/\/konwit.pl\/ksawerow\/wp-json\/wp\/v2\/types\/product"}],"wp:featuredmedia":[{"embeddable":true,"href":"https:\/\/konwit.pl\/ksawerow\/wp-json\/wp\/v2\/media\/75169"}],"wp:attachment":[{"href":"https:\/\/konwit.pl\/ksawerow\/wp-json\/wp\/v2\/media?parent=75172"}],"wp:term":[{"taxonomy":"product_brand","embeddable":true,"href":"https:\/\/konwit.pl\/ksawerow\/wp-json\/wp\/v2\/product_brand?post=75172"},{"taxonomy":"product_cat","embeddable":true,"href":"https:\/\/konwit.pl\/ksawerow\/wp-json\/wp\/v2\/product_cat?post=75172"},{"taxonomy":"product_tag","embeddable":true,"href":"https:\/\/konwit.pl\/ksawerow\/wp-json\/wp\/v2\/product_tag?post=75172"}],"curies":[{"name":"wp","href":"https:\/\/api.w.org\/{rel}","templated":true}]}}