{"id":75595,"date":"2025-10-01T09:56:25","date_gmt":"2025-10-01T07:56:25","guid":{"rendered":"https:\/\/konwit.pl\/ksawerow\/produkt\/265-70r19-5-bridgestone-r-trailer-001-10-11mm-2022r-naczepa-ciezarowa-u679\/"},"modified":"2025-10-01T10:51:41","modified_gmt":"2025-10-01T08:51:41","slug":"265-70r19-5-bridgestone-r-trailer-001-10-11mm-2022r-naczepa-ciezarowa-u679","status":"publish","type":"product","link":"https:\/\/konwit.pl\/ksawerow\/produkt\/265-70r19-5-bridgestone-r-trailer-001-10-11mm-2022r-naczepa-ciezarowa-u679\/","title":{"rendered":"265\/70R19.5 BRIDGESTONE R-TRAILER 001 10-11mm 2022r NACZEPA CI\u0118\u017bAROWA U679"},"content":{"rendered":"<h1>\u25b6\ufe0f OPONA CI\u0118\u017bAROWA<\/h1>\n<h1>BRIDGESTONE R-TRAILER 001<\/h1>\n<h2>Rozmiar 265\/70R19.5<\/h2>\n<h1>Cena: brutto<\/h1>\n<h1>\u25b6\ufe0f Wysoko\u015b\u0107 bie\u017cnika, oko\u0142o: 10-11mm<\/h1>\n<ul>\n<li>DOT: <b>2822<\/b><\/li>\n<li>ID oferty: <b>U679<\/b><\/li>\n<\/ul>\n<p><b>Gwarancja:<\/b><\/p>\n<p>Warunki zosta\u0142y opisane w zak\u0142adce <b>GWARANCJA<\/b><\/p>\n<p><b>OPONA PROFESJONALNIE WYKONAN\u0104 NAPRAW\u0118 OD STRONY CZO\u0141A BIE\u017bNIKA<\/b><\/p>\n<p><b>&#8212;&#8212;&#8212;&#8212;&#8212;&#8212;&#8212;&#8212;&#8212;&#8212;&#8212;&#8212;&#8212;&#8212;&#8212;<\/b><\/p>\n<p><b>Od wielu lat jeste\u015bmy liderem w dziedzinie naprawy opon, co potwierdzaj\u0105 uzyskiwane przez nas od lat Certyfikaty nadawane przez Polskie Centrum Bada\u0144 i Certyfikacji SA. Wysoka jako\u015b\u0107 naszych us\u0142ug pozwala nam obj\u0105\u0107 wszystkie naprawiane przez nas opony gwarancj\u0105 rozruchow\u0105.<\/b><\/p>\n<h1>\u25b6\ufe0fKa\u017cda z opon jest sprawdzona ci\u015bnieniowo.<\/h1>\n<p>\u25b6\ufe0f POSIADAMY WI\u0118CEJ TEGO TYPU OPON, PROSZ\u0118 SPRAWDZI\u0106 POZOSTA\u0141E OFERTY.<\/p>\n<p>\u25b6\ufe0f&nbsp;<b>Link do bazy EPREL (etykieta opony i dost\u0119p do karty informacyjnej):<\/b><\/p>\n<p>https:\/\/eprel.ec.europa.eu\/screen\/product\/tyres\/383528<\/p>\n","protected":false},"excerpt":{"rendered":"<p>\u25b6\ufe0f OPONA CI\u0118\u017bAROWA BRIDGESTONE R-TRAILER 001 Rozmiar 265\/70R19.5 Cena: brutto \u25b6\ufe0f Wysoko\u015b\u0107 bie\u017cnika, oko\u0142o: 10-11mm DOT: 2822 ID oferty: U679 Gwarancja: Warunki zosta\u0142y opisane w zak\u0142adce GWARANCJA OPONA PROFESJONALNIE WYKONAN\u0104 NAPRAW\u0118 OD STRONY CZO\u0141A BIE\u017bNIKA &#8212;&#8212;&#8212;&#8212;&#8212;&#8212;&#8212;&#8212;&#8212;&#8212;&#8212;&#8212;&#8212;&#8212;&#8212; Od wielu lat jeste\u015bmy liderem w dziedzinie naprawy opon, co potwierdzaj\u0105 uzyskiwane przez nas od lat Certyfikaty nadawane przez [&hellip;]<\/p>\n","protected":false},"featured_media":75591,"template":"","meta":{"_acf_changed":false,"_themeisle_gutenberg_block_has_review":false},"product_brand":[],"product_cat":[19],"product_tag":[],"class_list":{"0":"post-75595","1":"product","2":"type-product","3":"status-publish","4":"has-post-thumbnail","6":"product_cat-ciezarowe","7":"product_shipping_class-ciezarowe-duze-1szt","8":"pa_ean-6174","9":"pa_halas-zewnetrzny-3393","10":"pa_indeks-nosnosci-143-2725-kg","11":"pa_indeks-predkosci-k-do-110-km-h","12":"pa_informacje-dodatkowe-przyczepnosc-na-sniegu-3pmsf","13":"pa_kod-eprel-7939","14":"pa_kod-producenta-7938","15":"pa_liczba-opon-w-ofercie-1-szt","16":"pa_marka-bridgestone","17":"pa_model-rt1-19-5","18":"pa_opor-toczenia-c","19":"pa_opor-toczenia-opony-wyproduk-klasa-c","20":"pa_os-os-naczepowa-t","21":"pa_poziom-halasu-zewnetrznego-a","22":"pa_profil-opony-53","23":"pa_przeznaczenie-transport-daleki","24":"pa_przyczepnosc-na-mokrej-nawie-klasa-b","25":"pa_rodzaj-tl-bezdetkowe","26":"pa_sezon-caloroczne","27":"pa_srednica-19-5","28":"pa_stan-uzywany","29":"pa_szerokosc-opony-265-mm","31":"first","32":"instock","33":"taxable","34":"shipping-taxable","35":"purchasable","36":"product-type-simple"},"acf":[],"_links":{"self":[{"href":"https:\/\/konwit.pl\/ksawerow\/wp-json\/wp\/v2\/product\/75595","targetHints":{"allow":["GET"]}}],"collection":[{"href":"https:\/\/konwit.pl\/ksawerow\/wp-json\/wp\/v2\/product"}],"about":[{"href":"https:\/\/konwit.pl\/ksawerow\/wp-json\/wp\/v2\/types\/product"}],"wp:featuredmedia":[{"embeddable":true,"href":"https:\/\/konwit.pl\/ksawerow\/wp-json\/wp\/v2\/media\/75591"}],"wp:attachment":[{"href":"https:\/\/konwit.pl\/ksawerow\/wp-json\/wp\/v2\/media?parent=75595"}],"wp:term":[{"taxonomy":"product_brand","embeddable":true,"href":"https:\/\/konwit.pl\/ksawerow\/wp-json\/wp\/v2\/product_brand?post=75595"},{"taxonomy":"product_cat","embeddable":true,"href":"https:\/\/konwit.pl\/ksawerow\/wp-json\/wp\/v2\/product_cat?post=75595"},{"taxonomy":"product_tag","embeddable":true,"href":"https:\/\/konwit.pl\/ksawerow\/wp-json\/wp\/v2\/product_tag?post=75595"}],"curies":[{"name":"wp","href":"https:\/\/api.w.org\/{rel}","templated":true}]}}